{"id":1004,"date":"2022-02-15T15:34:55","date_gmt":"2022-02-15T15:34:55","guid":{"rendered":"https:\/\/atanasijornet.com\/?page_id=1004"},"modified":"2022-05-24T16:07:54","modified_gmt":"2022-05-24T16:07:54","slug":"projectes-acustics","status":"publish","type":"page","link":"https:\/\/atanasijornet.com\/ca\/serveis\/projectes-acustics\/","title":{"rendered":"Projectes ac\u00fastics"},"content":{"rendered":"<p>[vc_row][vc_column][vc_column_text]<b>En quins casos necessito un projecte ac\u00fastic?\u00a0<\/b><\/p>\n<p><span style=\"font-weight: 400;\">\u00a0&#8211; Vull obrir un nou local i necessito un projecte ac\u00fastic per sol\u00b7licitar la llic\u00e8ncia d\u2019activitat.\u00a0<\/span><\/p>\n<p><span style=\"font-weight: 400;\">\u00a0&#8211; Tinc den\u00fancies dels ve\u00efns i necessito rec\u00f3rrer un expedient amb l\u2019Ajuntament de Barcelona.<\/span><\/p>\n<p><span style=\"font-weight: 400;\">&#8211; Vull fer un esdeveniment a l\u2019aire lliure i necessito un estudi i projecte ac\u00fastic.\u00a0<\/span><\/p>\n<p>&nbsp;<\/p>\n<p><b>En qu\u00e8 consisteix un projecte ac\u00fastic?\u00a0<\/b><\/p>\n<p><span style=\"font-weight: 400;\">\u00c9s un informe en el qual revisem: \u00a0<\/span><\/p>\n<p><span style=\"font-weight: 400;\">Les fonts de soroll que provocant o poden provocar mol\u00e8sties als ve\u00efns propers.<\/span><\/p>\n<p><span style=\"font-weight: 400;\">S\u2019avalua el soroll d\u2019aquestes fonts segons la normativa vigent.<\/span><\/p>\n<p><span style=\"font-weight: 400;\">Es dissenya la soluci\u00f3 ac\u00fastica per qu\u00e8 les fonts de soroll compleixin amb la normativa vigent.\u00a0<\/span><\/p>\n<p>&nbsp;<\/p>\n<p><b>Quin \u00e9s el termini per obtenir el projecte ac\u00fastic?<\/b><\/p>\n<p><span style=\"font-weight: 400;\">Un cop visitat el local, necessitarem 3 setmanes per poder preparar l\u2019informe.<\/span><\/p>\n<p><span style=\"font-weight: 400;\">Aquests temps poden variar segons la disponibilitat d\u2019acc\u00e9s als habitatges potencialment afectats.<\/span>[\/vc_column_text][\/vc_column][\/vc_row][vc_row][vc_column][vc_empty_space][vc_single_image image=&#8221;895&#8243; img_size=&#8221;large&#8221; alignment=&#8221;center&#8221;][\/vc_column][\/vc_row]<\/p>\n","protected":false},"excerpt":{"rendered":"<p>[vc_row][vc_column][vc_column_text]En quins casos necessito un projecte ac\u00fastic?\u00a0 \u00a0&#8211; Vull obrir un nou local i necessito un projecte ac\u00fastic per sol\u00b7licitar la llic\u00e8ncia d\u2019activitat.\u00a0 \u00a0&#8211; Tinc den\u00fancies dels ve\u00efns i necessito rec\u00f3rrer un expedient amb l\u2019Ajuntament de Barcelona. &#8211; Vull fer un esdeveniment a l\u2019aire lliure i necessito un estudi i projecte ac\u00fastic.\u00a0 &nbsp; En qu\u00e8&hellip;<\/p>\n","protected":false},"author":6,"featured_media":0,"parent":983,"menu_order":0,"comment_status":"closed","ping_status":"closed","template":"","meta":{"_joinchat":[],"footnotes":""},"class_list":["post-1004","page","type-page","status-publish","hentry","description-off"],"yoast_head":"<!-- This site is optimized with the Yoast SEO plugin v26.2 - https:\/\/yoast.com\/wordpress\/plugins\/seo\/ -->\n<title>Projectes ac\u00fastics - Dr Enginyer Atanasi Jornet<\/title>\n<meta name=\"robots\" content=\"index, follow, max-snippet:-1, max-image-preview:large, max-video-preview:-1\" \/>\n<link rel=\"canonical\" href=\"https:\/\/atanasijornet.com\/ca\/serveis\/projectes-acustics\/\" \/>\n<meta property=\"og:locale\" content=\"ca_ES\" \/>\n<meta property=\"og:type\" content=\"article\" \/>\n<meta property=\"og:title\" content=\"Projectes ac\u00fastics - Dr Enginyer Atanasi Jornet\" \/>\n<meta property=\"og:description\" content=\"[vc_row][vc_column][vc_column_text]En quins casos necessito un projecte ac\u00fastic?\u00a0 \u00a0&#8211; Vull obrir un nou local i necessito un projecte ac\u00fastic per sol\u00b7licitar la llic\u00e8ncia d\u2019activitat.\u00a0 \u00a0&#8211; Tinc den\u00fancies dels ve\u00efns i necessito rec\u00f3rrer un expedient amb l\u2019Ajuntament de Barcelona. &#8211; Vull fer un esdeveniment a l\u2019aire lliure i necessito un estudi i projecte ac\u00fastic.\u00a0 &nbsp; En qu\u00e8&hellip;\" \/>\n<meta property=\"og:url\" content=\"https:\/\/atanasijornet.com\/ca\/serveis\/projectes-acustics\/\" \/>\n<meta property=\"og:site_name\" content=\"Dr Enginyer Atanasi Jornet\" \/>\n<meta property=\"article:modified_time\" content=\"2022-05-24T16:07:54+00:00\" \/>\n<meta name=\"twitter:card\" content=\"summary_large_image\" \/>\n<meta name=\"twitter:label1\" content=\"Temps estimat de lectura\" \/>\n\t<meta name=\"twitter:data1\" content=\"1 minut\" \/>\n<script type=\"application\/ld+json\" class=\"yoast-schema-graph\">{\"@context\":\"https:\/\/schema.org\",\"@graph\":[{\"@type\":\"WebPage\",\"@id\":\"https:\/\/atanasijornet.com\/ca\/serveis\/projectes-acustics\/\",\"url\":\"https:\/\/atanasijornet.com\/ca\/serveis\/projectes-acustics\/\",\"name\":\"Projectes ac\u00fastics - Dr Enginyer Atanasi Jornet\",\"isPartOf\":{\"@id\":\"https:\/\/atanasijornet.com\/#website\"},\"datePublished\":\"2022-02-15T15:34:55+00:00\",\"dateModified\":\"2022-05-24T16:07:54+00:00\",\"breadcrumb\":{\"@id\":\"https:\/\/atanasijornet.com\/ca\/serveis\/projectes-acustics\/#breadcrumb\"},\"inLanguage\":\"ca\",\"potentialAction\":[{\"@type\":\"ReadAction\",\"target\":[\"https:\/\/atanasijornet.com\/ca\/serveis\/projectes-acustics\/\"]}]},{\"@type\":\"BreadcrumbList\",\"@id\":\"https:\/\/atanasijornet.com\/ca\/serveis\/projectes-acustics\/#breadcrumb\",\"itemListElement\":[{\"@type\":\"ListItem\",\"position\":1,\"name\":\"Portada\",\"item\":\"https:\/\/atanasijornet.com\/ca\/\"},{\"@type\":\"ListItem\",\"position\":2,\"name\":\"Serveis\",\"item\":\"https:\/\/atanasijornet.com\/ca\/serveis\/\"},{\"@type\":\"ListItem\",\"position\":3,\"name\":\"Projectes ac\u00fastics\"}]},{\"@type\":\"WebSite\",\"@id\":\"https:\/\/atanasijornet.com\/#website\",\"url\":\"https:\/\/atanasijornet.com\/\",\"name\":\"Atanasi Jornet\",\"description\":\"\",\"potentialAction\":[{\"@type\":\"SearchAction\",\"target\":{\"@type\":\"EntryPoint\",\"urlTemplate\":\"https:\/\/atanasijornet.com\/?s={search_term_string}\"},\"query-input\":{\"@type\":\"PropertyValueSpecification\",\"valueRequired\":true,\"valueName\":\"search_term_string\"}}],\"inLanguage\":\"ca\"}]}<\/script>\n<!-- \/ Yoast SEO plugin. -->","yoast_head_json":{"title":"Projectes ac\u00fastics - Dr Enginyer Atanasi Jornet","robots":{"index":"index","follow":"follow","max-snippet":"max-snippet:-1","max-image-preview":"max-image-preview:large","max-video-preview":"max-video-preview:-1"},"canonical":"https:\/\/atanasijornet.com\/ca\/serveis\/projectes-acustics\/","og_locale":"ca_ES","og_type":"article","og_title":"Projectes ac\u00fastics - Dr Enginyer Atanasi Jornet","og_description":"[vc_row][vc_column][vc_column_text]En quins casos necessito un projecte ac\u00fastic?\u00a0 \u00a0&#8211; Vull obrir un nou local i necessito un projecte ac\u00fastic per sol\u00b7licitar la llic\u00e8ncia d\u2019activitat.\u00a0 \u00a0&#8211; Tinc den\u00fancies dels ve\u00efns i necessito rec\u00f3rrer un expedient amb l\u2019Ajuntament de Barcelona. &#8211; Vull fer un esdeveniment a l\u2019aire lliure i necessito un estudi i projecte ac\u00fastic.\u00a0 &nbsp; En qu\u00e8&hellip;","og_url":"https:\/\/atanasijornet.com\/ca\/serveis\/projectes-acustics\/","og_site_name":"Dr Enginyer Atanasi Jornet","article_modified_time":"2022-05-24T16:07:54+00:00","twitter_card":"summary_large_image","twitter_misc":{"Temps estimat de lectura":"1 minut"},"schema":{"@context":"https:\/\/schema.org","@graph":[{"@type":"WebPage","@id":"https:\/\/atanasijornet.com\/ca\/serveis\/projectes-acustics\/","url":"https:\/\/atanasijornet.com\/ca\/serveis\/projectes-acustics\/","name":"Projectes ac\u00fastics - Dr Enginyer Atanasi Jornet","isPartOf":{"@id":"https:\/\/atanasijornet.com\/#website"},"datePublished":"2022-02-15T15:34:55+00:00","dateModified":"2022-05-24T16:07:54+00:00","breadcrumb":{"@id":"https:\/\/atanasijornet.com\/ca\/serveis\/projectes-acustics\/#breadcrumb"},"inLanguage":"ca","potentialAction":[{"@type":"ReadAction","target":["https:\/\/atanasijornet.com\/ca\/serveis\/projectes-acustics\/"]}]},{"@type":"BreadcrumbList","@id":"https:\/\/atanasijornet.com\/ca\/serveis\/projectes-acustics\/#breadcrumb","itemListElement":[{"@type":"ListItem","position":1,"name":"Portada","item":"https:\/\/atanasijornet.com\/ca\/"},{"@type":"ListItem","position":2,"name":"Serveis","item":"https:\/\/atanasijornet.com\/ca\/serveis\/"},{"@type":"ListItem","position":3,"name":"Projectes ac\u00fastics"}]},{"@type":"WebSite","@id":"https:\/\/atanasijornet.com\/#website","url":"https:\/\/atanasijornet.com\/","name":"Atanasi Jornet","description":"","potentialAction":[{"@type":"SearchAction","target":{"@type":"EntryPoint","urlTemplate":"https:\/\/atanasijornet.com\/?s={search_term_string}"},"query-input":{"@type":"PropertyValueSpecification","valueRequired":true,"valueName":"search_term_string"}}],"inLanguage":"ca"}]}},"_links":{"self":[{"href":"https:\/\/atanasijornet.com\/ca\/wp-json\/wp\/v2\/pages\/1004","targetHints":{"allow":["GET"]}}],"collection":[{"href":"https:\/\/atanasijornet.com\/ca\/wp-json\/wp\/v2\/pages"}],"about":[{"href":"https:\/\/atanasijornet.com\/ca\/wp-json\/wp\/v2\/types\/page"}],"author":[{"embeddable":true,"href":"https:\/\/atanasijornet.com\/ca\/wp-json\/wp\/v2\/users\/6"}],"replies":[{"embeddable":true,"href":"https:\/\/atanasijornet.com\/ca\/wp-json\/wp\/v2\/comments?post=1004"}],"version-history":[{"count":0,"href":"https:\/\/atanasijornet.com\/ca\/wp-json\/wp\/v2\/pages\/1004\/revisions"}],"up":[{"embeddable":true,"href":"https:\/\/atanasijornet.com\/ca\/wp-json\/wp\/v2\/pages\/983"}],"wp:attachment":[{"href":"https:\/\/atanasijornet.com\/ca\/wp-json\/wp\/v2\/media?parent=1004"}],"curies":[{"name":"wp","href":"https:\/\/api.w.org\/{rel}","templated":true}]}}