{"id":1006,"date":"2022-02-15T15:35:34","date_gmt":"2022-02-15T15:35:34","guid":{"rendered":"https:\/\/atanasijornet.com\/?page_id=1006"},"modified":"2022-05-24T16:11:34","modified_gmt":"2022-05-24T16:11:34","slug":"resolucio-expedient-dinspeccio","status":"publish","type":"page","link":"https:\/\/atanasijornet.com\/ca\/serveis\/resolucio-expedient-dinspeccio\/","title":{"rendered":"Resoluci\u00f3 expedient d\u2019inspecci\u00f3"},"content":{"rendered":"<p>[vc_row][vc_column][vc_column_text]<b>M\u2019ha arribat un expedient d\u2019inspecci\u00f3, que hi faig? <\/b><\/p>\n<p><span style=\"font-weight: 400;\">Trucant-nos, estudiarem el teu cas i presentarem un recurs t\u00e8cnic en l\u2019Ajuntament de Barcelona.<\/span><\/p>\n<p>&nbsp;<\/p>\n<p><b>Quins s\u00f3n els expedients d\u2019inspecci\u00f3 m\u00e9s comuns?<\/b><span style=\"font-weight: 400;\"><br \/>\n<\/span><\/p>\n<ul>\n<li style=\"font-weight: 400;\" aria-level=\"1\"><span style=\"font-weight: 400;\">Falta dels r\u00e8tols reglamentaris en el local.<\/span><\/li>\n<li style=\"font-weight: 400;\" aria-level=\"1\"><span style=\"font-weight: 400;\">Disposar de l\u2019asseguran\u00e7a de responsabilitat Civil amb la quantia correcte.<\/span><\/li>\n<li style=\"font-weight: 400;\" aria-level=\"1\"><span style=\"font-weight: 400;\">Manteniment dels sistemes contra incendis, extintors, boca d\u2019incendis equipades etc.<\/span><\/li>\n<li style=\"font-weight: 400;\" aria-level=\"1\"><span style=\"font-weight: 400;\">Falta de limitador de m\u00fasica.<\/span><\/li>\n<li style=\"font-weight: 400;\" aria-level=\"1\"><span style=\"font-weight: 400;\">Falta del projecte ac\u00fastic.<\/span><\/li>\n<\/ul>\n<p>&nbsp;<\/p>\n<p><b>Quin \u00e9s el termini per qu\u00e8 l\u2019Ajuntament de Barcelona doni resposta al meu recurs?<\/b><\/p>\n<p><span style=\"font-weight: 400;\">El procediment administratiu est\u00e0 dividit en les seg\u00fcents fases:<\/span><\/p>\n<p style=\"padding-left: 40px;\"><span style=\"font-weight: 400;\">1. Acta d\u2019inspecci\u00f3 (full rosa) emesa per un funcionari de Regidoria o d\u2019un Guardia Urb\u00e0 de Districte.<\/span><\/p>\n<p style=\"padding-left: 40px;\"><span style=\"font-weight: 400;\">2. Conferiment de vista, acostumen a donar 15 dies h\u00e0bils per contestar.<\/span><\/p>\n<p style=\"padding-left: 40px;\"><span style=\"font-weight: 400;\">3. Desestimaci\u00f3 de les al\u00b7legacions i proposta de cessament de l\u2019activitat.<\/span><\/p>\n<p style=\"padding-left: 40px;\"><span style=\"font-weight: 400;\">4. Recurs d\u2019al\u00e7ada al cessament.<\/span><\/p>\n<p><span style=\"font-weight: 400;\">Si al final \u00e9s solucionen les defici\u00e8ncies, l\u2019Ajuntament de Barcelona pot, tot i aix\u00f2, enviar les sancions pels incompliments realitzats.<\/span><\/p>\n<p style=\"padding-left: 40px;\"><span style=\"font-weight: 400;\">5. Arxiu de l\u2019expedient.<\/span><\/p>\n<p><span style=\"font-weight: 400;\">Entre cada fase l\u2019Ajuntament realitza una visita d\u2019inspecci\u00f3 de l\u2019inspector de l\u2019Ajuntament per verificar que s\u2019ha donat compliment al requeriment.<\/span>[\/vc_column_text][\/vc_column][\/vc_row][vc_row][vc_column][vc_empty_space][vc_single_image image=&#8221;884&#8243; img_size=&#8221;large&#8221; alignment=&#8221;center&#8221;][\/vc_column][\/vc_row]<\/p>\n","protected":false},"excerpt":{"rendered":"<p>[vc_row][vc_column][vc_column_text]M\u2019ha arribat un expedient d\u2019inspecci\u00f3, que hi faig? Trucant-nos, estudiarem el teu cas i presentarem un recurs t\u00e8cnic en l\u2019Ajuntament de Barcelona. &nbsp; Quins s\u00f3n els expedients d\u2019inspecci\u00f3 m\u00e9s comuns? Falta dels r\u00e8tols reglamentaris en el local. Disposar de l\u2019asseguran\u00e7a de responsabilitat Civil amb la quantia correcte. Manteniment dels sistemes contra incendis, extintors, boca d\u2019incendis&hellip;<\/p>\n","protected":false},"author":6,"featured_media":0,"parent":983,"menu_order":0,"comment_status":"closed","ping_status":"closed","template":"","meta":{"_joinchat":[],"footnotes":""},"class_list":["post-1006","page","type-page","status-publish","hentry","description-off"],"yoast_head":"<!-- This site is optimized with the Yoast SEO plugin v26.2 - https:\/\/yoast.com\/wordpress\/plugins\/seo\/ -->\n<title>Resoluci\u00f3 expedient d\u2019inspecci\u00f3 - Dr Enginyer Atanasi Jornet<\/title>\n<meta name=\"robots\" content=\"index, follow, max-snippet:-1, max-image-preview:large, max-video-preview:-1\" \/>\n<link rel=\"canonical\" href=\"https:\/\/atanasijornet.com\/ca\/serveis\/resolucio-expedient-dinspeccio\/\" \/>\n<meta property=\"og:locale\" content=\"ca_ES\" \/>\n<meta property=\"og:type\" content=\"article\" \/>\n<meta property=\"og:title\" content=\"Resoluci\u00f3 expedient d\u2019inspecci\u00f3 - Dr Enginyer Atanasi Jornet\" \/>\n<meta property=\"og:description\" content=\"[vc_row][vc_column][vc_column_text]M\u2019ha arribat un expedient d\u2019inspecci\u00f3, que hi faig? Trucant-nos, estudiarem el teu cas i presentarem un recurs t\u00e8cnic en l\u2019Ajuntament de Barcelona. &nbsp; Quins s\u00f3n els expedients d\u2019inspecci\u00f3 m\u00e9s comuns? Falta dels r\u00e8tols reglamentaris en el local. Disposar de l\u2019asseguran\u00e7a de responsabilitat Civil amb la quantia correcte. Manteniment dels sistemes contra incendis, extintors, boca d\u2019incendis&hellip;\" \/>\n<meta property=\"og:url\" content=\"https:\/\/atanasijornet.com\/ca\/serveis\/resolucio-expedient-dinspeccio\/\" \/>\n<meta property=\"og:site_name\" content=\"Dr Enginyer Atanasi Jornet\" \/>\n<meta property=\"article:modified_time\" content=\"2022-05-24T16:11:34+00:00\" \/>\n<meta name=\"twitter:card\" content=\"summary_large_image\" \/>\n<meta name=\"twitter:label1\" content=\"Temps estimat de lectura\" \/>\n\t<meta name=\"twitter:data1\" content=\"1 minut\" \/>\n<script type=\"application\/ld+json\" class=\"yoast-schema-graph\">{\"@context\":\"https:\/\/schema.org\",\"@graph\":[{\"@type\":\"WebPage\",\"@id\":\"https:\/\/atanasijornet.com\/ca\/serveis\/resolucio-expedient-dinspeccio\/\",\"url\":\"https:\/\/atanasijornet.com\/ca\/serveis\/resolucio-expedient-dinspeccio\/\",\"name\":\"Resoluci\u00f3 expedient d\u2019inspecci\u00f3 - Dr Enginyer Atanasi Jornet\",\"isPartOf\":{\"@id\":\"https:\/\/atanasijornet.com\/#website\"},\"datePublished\":\"2022-02-15T15:35:34+00:00\",\"dateModified\":\"2022-05-24T16:11:34+00:00\",\"breadcrumb\":{\"@id\":\"https:\/\/atanasijornet.com\/ca\/serveis\/resolucio-expedient-dinspeccio\/#breadcrumb\"},\"inLanguage\":\"ca\",\"potentialAction\":[{\"@type\":\"ReadAction\",\"target\":[\"https:\/\/atanasijornet.com\/ca\/serveis\/resolucio-expedient-dinspeccio\/\"]}]},{\"@type\":\"BreadcrumbList\",\"@id\":\"https:\/\/atanasijornet.com\/ca\/serveis\/resolucio-expedient-dinspeccio\/#breadcrumb\",\"itemListElement\":[{\"@type\":\"ListItem\",\"position\":1,\"name\":\"Portada\",\"item\":\"https:\/\/atanasijornet.com\/ca\/\"},{\"@type\":\"ListItem\",\"position\":2,\"name\":\"Serveis\",\"item\":\"https:\/\/atanasijornet.com\/ca\/serveis\/\"},{\"@type\":\"ListItem\",\"position\":3,\"name\":\"Resoluci\u00f3 expedient d\u2019inspecci\u00f3\"}]},{\"@type\":\"WebSite\",\"@id\":\"https:\/\/atanasijornet.com\/#website\",\"url\":\"https:\/\/atanasijornet.com\/\",\"name\":\"Atanasi Jornet\",\"description\":\"\",\"potentialAction\":[{\"@type\":\"SearchAction\",\"target\":{\"@type\":\"EntryPoint\",\"urlTemplate\":\"https:\/\/atanasijornet.com\/?s={search_term_string}\"},\"query-input\":{\"@type\":\"PropertyValueSpecification\",\"valueRequired\":true,\"valueName\":\"search_term_string\"}}],\"inLanguage\":\"ca\"}]}<\/script>\n<!-- \/ Yoast SEO plugin. -->","yoast_head_json":{"title":"Resoluci\u00f3 expedient d\u2019inspecci\u00f3 - Dr Enginyer Atanasi Jornet","robots":{"index":"index","follow":"follow","max-snippet":"max-snippet:-1","max-image-preview":"max-image-preview:large","max-video-preview":"max-video-preview:-1"},"canonical":"https:\/\/atanasijornet.com\/ca\/serveis\/resolucio-expedient-dinspeccio\/","og_locale":"ca_ES","og_type":"article","og_title":"Resoluci\u00f3 expedient d\u2019inspecci\u00f3 - Dr Enginyer Atanasi Jornet","og_description":"[vc_row][vc_column][vc_column_text]M\u2019ha arribat un expedient d\u2019inspecci\u00f3, que hi faig? Trucant-nos, estudiarem el teu cas i presentarem un recurs t\u00e8cnic en l\u2019Ajuntament de Barcelona. &nbsp; Quins s\u00f3n els expedients d\u2019inspecci\u00f3 m\u00e9s comuns? Falta dels r\u00e8tols reglamentaris en el local. Disposar de l\u2019asseguran\u00e7a de responsabilitat Civil amb la quantia correcte. Manteniment dels sistemes contra incendis, extintors, boca d\u2019incendis&hellip;","og_url":"https:\/\/atanasijornet.com\/ca\/serveis\/resolucio-expedient-dinspeccio\/","og_site_name":"Dr Enginyer Atanasi Jornet","article_modified_time":"2022-05-24T16:11:34+00:00","twitter_card":"summary_large_image","twitter_misc":{"Temps estimat de lectura":"1 minut"},"schema":{"@context":"https:\/\/schema.org","@graph":[{"@type":"WebPage","@id":"https:\/\/atanasijornet.com\/ca\/serveis\/resolucio-expedient-dinspeccio\/","url":"https:\/\/atanasijornet.com\/ca\/serveis\/resolucio-expedient-dinspeccio\/","name":"Resoluci\u00f3 expedient d\u2019inspecci\u00f3 - Dr Enginyer Atanasi Jornet","isPartOf":{"@id":"https:\/\/atanasijornet.com\/#website"},"datePublished":"2022-02-15T15:35:34+00:00","dateModified":"2022-05-24T16:11:34+00:00","breadcrumb":{"@id":"https:\/\/atanasijornet.com\/ca\/serveis\/resolucio-expedient-dinspeccio\/#breadcrumb"},"inLanguage":"ca","potentialAction":[{"@type":"ReadAction","target":["https:\/\/atanasijornet.com\/ca\/serveis\/resolucio-expedient-dinspeccio\/"]}]},{"@type":"BreadcrumbList","@id":"https:\/\/atanasijornet.com\/ca\/serveis\/resolucio-expedient-dinspeccio\/#breadcrumb","itemListElement":[{"@type":"ListItem","position":1,"name":"Portada","item":"https:\/\/atanasijornet.com\/ca\/"},{"@type":"ListItem","position":2,"name":"Serveis","item":"https:\/\/atanasijornet.com\/ca\/serveis\/"},{"@type":"ListItem","position":3,"name":"Resoluci\u00f3 expedient d\u2019inspecci\u00f3"}]},{"@type":"WebSite","@id":"https:\/\/atanasijornet.com\/#website","url":"https:\/\/atanasijornet.com\/","name":"Atanasi Jornet","description":"","potentialAction":[{"@type":"SearchAction","target":{"@type":"EntryPoint","urlTemplate":"https:\/\/atanasijornet.com\/?s={search_term_string}"},"query-input":{"@type":"PropertyValueSpecification","valueRequired":true,"valueName":"search_term_string"}}],"inLanguage":"ca"}]}},"_links":{"self":[{"href":"https:\/\/atanasijornet.com\/ca\/wp-json\/wp\/v2\/pages\/1006","targetHints":{"allow":["GET"]}}],"collection":[{"href":"https:\/\/atanasijornet.com\/ca\/wp-json\/wp\/v2\/pages"}],"about":[{"href":"https:\/\/atanasijornet.com\/ca\/wp-json\/wp\/v2\/types\/page"}],"author":[{"embeddable":true,"href":"https:\/\/atanasijornet.com\/ca\/wp-json\/wp\/v2\/users\/6"}],"replies":[{"embeddable":true,"href":"https:\/\/atanasijornet.com\/ca\/wp-json\/wp\/v2\/comments?post=1006"}],"version-history":[{"count":0,"href":"https:\/\/atanasijornet.com\/ca\/wp-json\/wp\/v2\/pages\/1006\/revisions"}],"up":[{"embeddable":true,"href":"https:\/\/atanasijornet.com\/ca\/wp-json\/wp\/v2\/pages\/983"}],"wp:attachment":[{"href":"https:\/\/atanasijornet.com\/ca\/wp-json\/wp\/v2\/media?parent=1006"}],"curies":[{"name":"wp","href":"https:\/\/api.w.org\/{rel}","templated":true}]}}