{"id":1009,"date":"2022-02-15T15:29:43","date_gmt":"2022-02-15T15:29:43","guid":{"rendered":"https:\/\/atanasijornet.com\/?page_id=1009"},"modified":"2022-05-24T16:13:22","modified_gmt":"2022-05-24T16:13:22","slug":"projectes-electrics-i-o-de-gas","status":"publish","type":"page","link":"https:\/\/atanasijornet.com\/ca\/serveis\/projectes-electrics-i-o-de-gas\/","title":{"rendered":"Projectes el\u00e8ctrics i\/o de gas"},"content":{"rendered":"<p>[vc_row][vc_column][vc_column_text]<b>Tens un local en Barcelona i necessites un projecte el\u00e8ctric o de gas per tramitar la llic\u00e8ncia d\u2019activitat?<\/b><\/p>\n<p><span style=\"font-weight: 400;\">Per autoritzat l\u2019obertura d\u2019una llic\u00e8ncia d\u2019activitat o una llic\u00e8ncia d\u2019obres necessites un projecte el\u00e8ctric o de gas, per adjuntar amb la sol\u00b7licitud d\u2019obertura a l\u2019Ajuntament de Barcelona.\u00a0<\/span><\/p>\n<p>&nbsp;<\/p>\n<p><b>En qu\u00e8 consisteix un projecte el\u00e8ctric o de gas?<\/b><\/p>\n<p><span style=\"font-weight: 400;\">Es realitza un estudi dels receptors i la seva localitzaci\u00f3 en el local, aix\u00ed com els c\u00e0lculs per qu\u00e8 sigui possible la seva legalitzaci\u00f3 en Ind\u00fastria.<\/span><\/p>\n<p>&nbsp;<\/p>\n<p><b>Quin \u00e9s el termini per tindre llest el projecte el\u00e8ctric o de gas?<\/b><\/p>\n<p><span style=\"font-weight: 400;\">Un cop visitat el local, necessitem un termini d\u2019aproximadament dues setmanes per poder preparar el projecte.\u00a0<\/span><\/p>\n<p>&nbsp;<\/p>\n<p><b>Ja disposo d\u2019un local i necessito contractar una comercialitzadora el\u00e8ctrica. Com ho faig?\u00a0<\/b><\/p>\n<p><span style=\"font-weight: 400;\">Nosaltres ens encarreguem de tot! Per contractar la llum del teu local necessites un Certificat Electr\u00f2nic, el preparem i portarem a terme la contractaci\u00f3 dels serveis en el teu nom, no haur\u00e0s de preocupar-te de res!\u00a0<\/span><\/p>\n<p>&nbsp;<\/p>\n<p><b>Necessito fer revisions peri\u00f2diques de la meva instal\u00b7laci\u00f3 el\u00e8ctrica o gas?<\/b><\/p>\n<p><span style=\"font-weight: 400;\">En els locals de concurr\u00e8ncia p\u00fablica \u00e9s obligatori una revisi\u00f3 cada 5 anys.\u00a0<\/span><\/p>\n<p><span style=\"font-weight: 400;\">El nostre instal\u00b7lador autoritzat certifica que la instal\u00b7laci\u00f3 est\u00e0 en correcte funcionament i es realitza la corresponent inspecci\u00f3 dels representants de l\u2019industria.<\/span><\/p>\n<p>&nbsp;<\/p>\n<p><b>Tens problemes de talls de llum o de gas per problemes de impagaments?\u00a0<\/b><\/p>\n<p><span style=\"font-weight: 400;\">Si tens embargaments o t\u2019han tallat el subministra el\u00e8ctric per impagaments, nosaltres contactem amb la companyia per verificar la veracitat i establir una fulla de ruta per arribar a un acord entre ambdues parts i tornar a tindre subministrament.<\/span>[\/vc_column_text][\/vc_column][\/vc_row][vc_row][vc_column][vc_empty_space][vc_row_inner][vc_column_inner width=&#8221;1\/2&#8243;][vc_single_image image=&#8221;889&#8243; img_size=&#8221;large&#8221; alignment=&#8221;center&#8221;][\/vc_column_inner][vc_column_inner width=&#8221;1\/2&#8243;][vc_single_image image=&#8221;890&#8243; img_size=&#8221;large&#8221; alignment=&#8221;center&#8221;][\/vc_column_inner][\/vc_row_inner][\/vc_column][\/vc_row]<\/p>\n","protected":false},"excerpt":{"rendered":"<p>[vc_row][vc_column][vc_column_text]Tens un local en Barcelona i necessites un projecte el\u00e8ctric o de gas per tramitar la llic\u00e8ncia d\u2019activitat? Per autoritzat l\u2019obertura d\u2019una llic\u00e8ncia d\u2019activitat o una llic\u00e8ncia d\u2019obres necessites un projecte el\u00e8ctric o de gas, per adjuntar amb la sol\u00b7licitud d\u2019obertura a l\u2019Ajuntament de Barcelona.\u00a0 &nbsp; En qu\u00e8 consisteix un projecte el\u00e8ctric o de gas?&hellip;<\/p>\n","protected":false},"author":6,"featured_media":0,"parent":983,"menu_order":0,"comment_status":"closed","ping_status":"closed","template":"","meta":{"_joinchat":[],"footnotes":""},"class_list":["post-1009","page","type-page","status-publish","hentry","description-off"],"yoast_head":"<!-- This site is optimized with the Yoast SEO plugin v26.2 - https:\/\/yoast.com\/wordpress\/plugins\/seo\/ -->\n<title>Projectes el\u00e8ctrics i\/o de gas - Dr Enginyer Atanasi Jornet<\/title>\n<meta name=\"robots\" content=\"index, follow, max-snippet:-1, max-image-preview:large, max-video-preview:-1\" \/>\n<link rel=\"canonical\" href=\"https:\/\/atanasijornet.com\/ca\/serveis\/projectes-electrics-i-o-de-gas\/\" \/>\n<meta property=\"og:locale\" content=\"ca_ES\" \/>\n<meta property=\"og:type\" content=\"article\" \/>\n<meta property=\"og:title\" content=\"Projectes el\u00e8ctrics i\/o de gas - Dr Enginyer Atanasi Jornet\" \/>\n<meta property=\"og:description\" content=\"[vc_row][vc_column][vc_column_text]Tens un local en Barcelona i necessites un projecte el\u00e8ctric o de gas per tramitar la llic\u00e8ncia d\u2019activitat? Per autoritzat l\u2019obertura d\u2019una llic\u00e8ncia d\u2019activitat o una llic\u00e8ncia d\u2019obres necessites un projecte el\u00e8ctric o de gas, per adjuntar amb la sol\u00b7licitud d\u2019obertura a l\u2019Ajuntament de Barcelona.\u00a0 &nbsp; En qu\u00e8 consisteix un projecte el\u00e8ctric o de gas?&hellip;\" \/>\n<meta property=\"og:url\" content=\"https:\/\/atanasijornet.com\/ca\/serveis\/projectes-electrics-i-o-de-gas\/\" \/>\n<meta property=\"og:site_name\" content=\"Dr Enginyer Atanasi Jornet\" \/>\n<meta property=\"article:modified_time\" content=\"2022-05-24T16:13:22+00:00\" \/>\n<meta name=\"twitter:card\" content=\"summary_large_image\" \/>\n<meta name=\"twitter:label1\" content=\"Temps estimat de lectura\" \/>\n\t<meta name=\"twitter:data1\" content=\"2 minuts\" \/>\n<script type=\"application\/ld+json\" class=\"yoast-schema-graph\">{\"@context\":\"https:\/\/schema.org\",\"@graph\":[{\"@type\":\"WebPage\",\"@id\":\"https:\/\/atanasijornet.com\/ca\/serveis\/projectes-electrics-i-o-de-gas\/\",\"url\":\"https:\/\/atanasijornet.com\/ca\/serveis\/projectes-electrics-i-o-de-gas\/\",\"name\":\"Projectes el\u00e8ctrics i\/o de gas - Dr Enginyer Atanasi Jornet\",\"isPartOf\":{\"@id\":\"https:\/\/atanasijornet.com\/#website\"},\"datePublished\":\"2022-02-15T15:29:43+00:00\",\"dateModified\":\"2022-05-24T16:13:22+00:00\",\"breadcrumb\":{\"@id\":\"https:\/\/atanasijornet.com\/ca\/serveis\/projectes-electrics-i-o-de-gas\/#breadcrumb\"},\"inLanguage\":\"ca\",\"potentialAction\":[{\"@type\":\"ReadAction\",\"target\":[\"https:\/\/atanasijornet.com\/ca\/serveis\/projectes-electrics-i-o-de-gas\/\"]}]},{\"@type\":\"BreadcrumbList\",\"@id\":\"https:\/\/atanasijornet.com\/ca\/serveis\/projectes-electrics-i-o-de-gas\/#breadcrumb\",\"itemListElement\":[{\"@type\":\"ListItem\",\"position\":1,\"name\":\"Portada\",\"item\":\"https:\/\/atanasijornet.com\/ca\/\"},{\"@type\":\"ListItem\",\"position\":2,\"name\":\"Serveis\",\"item\":\"https:\/\/atanasijornet.com\/ca\/serveis\/\"},{\"@type\":\"ListItem\",\"position\":3,\"name\":\"Projectes el\u00e8ctrics i\/o de gas\"}]},{\"@type\":\"WebSite\",\"@id\":\"https:\/\/atanasijornet.com\/#website\",\"url\":\"https:\/\/atanasijornet.com\/\",\"name\":\"Atanasi Jornet\",\"description\":\"\",\"potentialAction\":[{\"@type\":\"SearchAction\",\"target\":{\"@type\":\"EntryPoint\",\"urlTemplate\":\"https:\/\/atanasijornet.com\/?s={search_term_string}\"},\"query-input\":{\"@type\":\"PropertyValueSpecification\",\"valueRequired\":true,\"valueName\":\"search_term_string\"}}],\"inLanguage\":\"ca\"}]}<\/script>\n<!-- \/ Yoast SEO plugin. -->","yoast_head_json":{"title":"Projectes el\u00e8ctrics i\/o de gas - Dr Enginyer Atanasi Jornet","robots":{"index":"index","follow":"follow","max-snippet":"max-snippet:-1","max-image-preview":"max-image-preview:large","max-video-preview":"max-video-preview:-1"},"canonical":"https:\/\/atanasijornet.com\/ca\/serveis\/projectes-electrics-i-o-de-gas\/","og_locale":"ca_ES","og_type":"article","og_title":"Projectes el\u00e8ctrics i\/o de gas - Dr Enginyer Atanasi Jornet","og_description":"[vc_row][vc_column][vc_column_text]Tens un local en Barcelona i necessites un projecte el\u00e8ctric o de gas per tramitar la llic\u00e8ncia d\u2019activitat? Per autoritzat l\u2019obertura d\u2019una llic\u00e8ncia d\u2019activitat o una llic\u00e8ncia d\u2019obres necessites un projecte el\u00e8ctric o de gas, per adjuntar amb la sol\u00b7licitud d\u2019obertura a l\u2019Ajuntament de Barcelona.\u00a0 &nbsp; En qu\u00e8 consisteix un projecte el\u00e8ctric o de gas?&hellip;","og_url":"https:\/\/atanasijornet.com\/ca\/serveis\/projectes-electrics-i-o-de-gas\/","og_site_name":"Dr Enginyer Atanasi Jornet","article_modified_time":"2022-05-24T16:13:22+00:00","twitter_card":"summary_large_image","twitter_misc":{"Temps estimat de lectura":"2 minuts"},"schema":{"@context":"https:\/\/schema.org","@graph":[{"@type":"WebPage","@id":"https:\/\/atanasijornet.com\/ca\/serveis\/projectes-electrics-i-o-de-gas\/","url":"https:\/\/atanasijornet.com\/ca\/serveis\/projectes-electrics-i-o-de-gas\/","name":"Projectes el\u00e8ctrics i\/o de gas - Dr Enginyer Atanasi Jornet","isPartOf":{"@id":"https:\/\/atanasijornet.com\/#website"},"datePublished":"2022-02-15T15:29:43+00:00","dateModified":"2022-05-24T16:13:22+00:00","breadcrumb":{"@id":"https:\/\/atanasijornet.com\/ca\/serveis\/projectes-electrics-i-o-de-gas\/#breadcrumb"},"inLanguage":"ca","potentialAction":[{"@type":"ReadAction","target":["https:\/\/atanasijornet.com\/ca\/serveis\/projectes-electrics-i-o-de-gas\/"]}]},{"@type":"BreadcrumbList","@id":"https:\/\/atanasijornet.com\/ca\/serveis\/projectes-electrics-i-o-de-gas\/#breadcrumb","itemListElement":[{"@type":"ListItem","position":1,"name":"Portada","item":"https:\/\/atanasijornet.com\/ca\/"},{"@type":"ListItem","position":2,"name":"Serveis","item":"https:\/\/atanasijornet.com\/ca\/serveis\/"},{"@type":"ListItem","position":3,"name":"Projectes el\u00e8ctrics i\/o de gas"}]},{"@type":"WebSite","@id":"https:\/\/atanasijornet.com\/#website","url":"https:\/\/atanasijornet.com\/","name":"Atanasi Jornet","description":"","potentialAction":[{"@type":"SearchAction","target":{"@type":"EntryPoint","urlTemplate":"https:\/\/atanasijornet.com\/?s={search_term_string}"},"query-input":{"@type":"PropertyValueSpecification","valueRequired":true,"valueName":"search_term_string"}}],"inLanguage":"ca"}]}},"_links":{"self":[{"href":"https:\/\/atanasijornet.com\/ca\/wp-json\/wp\/v2\/pages\/1009","targetHints":{"allow":["GET"]}}],"collection":[{"href":"https:\/\/atanasijornet.com\/ca\/wp-json\/wp\/v2\/pages"}],"about":[{"href":"https:\/\/atanasijornet.com\/ca\/wp-json\/wp\/v2\/types\/page"}],"author":[{"embeddable":true,"href":"https:\/\/atanasijornet.com\/ca\/wp-json\/wp\/v2\/users\/6"}],"replies":[{"embeddable":true,"href":"https:\/\/atanasijornet.com\/ca\/wp-json\/wp\/v2\/comments?post=1009"}],"version-history":[{"count":0,"href":"https:\/\/atanasijornet.com\/ca\/wp-json\/wp\/v2\/pages\/1009\/revisions"}],"up":[{"embeddable":true,"href":"https:\/\/atanasijornet.com\/ca\/wp-json\/wp\/v2\/pages\/983"}],"wp:attachment":[{"href":"https:\/\/atanasijornet.com\/ca\/wp-json\/wp\/v2\/media?parent=1009"}],"curies":[{"name":"wp","href":"https:\/\/api.w.org\/{rel}","templated":true}]}}