{"id":1014,"date":"2022-02-15T15:21:52","date_gmt":"2022-02-15T15:21:52","guid":{"rendered":"https:\/\/atanasijornet.com\/?page_id=1014"},"modified":"2025-11-07T15:16:44","modified_gmt":"2025-11-07T15:16:44","slug":"limitadors-de-so","status":"publish","type":"page","link":"https:\/\/atanasijornet.com\/ca\/limitadors-de-so\/","title":{"rendered":"Limitadors de so"},"content":{"rendered":"<p>[vc_row full_width=&#8221;stretch_row&#8221; css=&#8221;.vc_custom_1762527908579{background-color: #ffffff !important;}&#8221;][vc_column css=&#8221;.vc_custom_1762528347821{margin-top: 40px !important;margin-bottom: 22px !important;background-color: #ffffff !important;}&#8221;]<div id=\"ultib3-347117744669e09f89de2c8\" class=\" ultb3-box ult-adjust-bottom-margin  \" style=\"background-color: #ffffff;\"><img decoding=\"async\" src=\"https:\/\/atanasijornet.com\/wp-content\/uploads\/2025\/11\/logo-ajuntament-barcelona.jpg\" style=\"\" class=\"ultb3-img ultb3-img-top-left\" alt=\"logo-ajuntament-barcelona\"\/><div id=\"Info-banner-wrap1972\" class=\"ultb3-info ib3-info-right\" data-animation=\"\" data-animation-delay=\"03\"><div class=\"ultb3-title ult-responsive\"  data-ultimate-target='#Info-banner-wrap1972 .ultb3-title'  data-responsive-json-new='{\"font-size\":\"\",\"line-height\":\"\"}'  style=\"font-weight:normal;\">Som instal\u00b7lador homologat<\/div><div class=\"ultb3-desc ult-responsive\"  data-ultimate-target='#Info-banner-wrap1972 .ultb3-desc'  data-responsive-json-new='{\"font-size\":\"\",\"line-height\":\"\"}'  style=\"font-weight:normal;\">Per l'Ajuntament de Barcelona. No deixis que el soroll arru\u00efni el teu negoci!<\/div><\/div><\/div><style>\n\t\t\t\t\t#ultib3-347117744669e09f89de2c8 {\n\t\t\t\t\t\tmin-height:50px;\n\t\t\t\t\t}\n\t\t\t\t\t#ultib3-347117744669e09f89de2c8 img.ultb3-img {\n\t\t\t\t\t\theight: px;\n\t\t\t\t\t}\n\t\t\t\t\t#ultib3-347117744669e09f89de2c8 .ultb3-btn {\n\t\t\t\t\t\tborder:2px solid #f4524d;border-radius:50px;color:#f4524d;\n\t\t\t\t\t}\n\t\t\t\t\t#ultib3-347117744669e09f89de2c8 .ultb3-btn:hover {\n\t\t\t\t\t\tbackground:#f4524d;color:#000000;\n\t\t\t\t\t}\n\t\t\t\t<\/style>[\/vc_column][\/vc_row][vc_row][vc_column][vc_column_text]<b>Que \u00e9s un limitador de so?<\/b><\/p>\n<p><span style=\"font-weight: 400;\">Equip electr\u00f2nic que limita el nivell musical al nivell m\u00e0xim perm\u00e8s pel tipus d\u2019activitat o que est\u00e0 limitat pel nivell d\u2019a\u00efllament que disposa el local.<\/span><\/p>\n<p>&nbsp;<\/p>\n<p><b>Per qu\u00e8 necessitem un limitador de so en el nostre local?\u00a0<\/b><\/p>\n<p><span style=\"font-weight: 400;\">Per donar compliment al nivell m\u00e0xim que permet el grup en el qual es troba registrat el local i evitar generar mol\u00e8sties als ve\u00efns adjacents.\u00a0<\/span><\/p>\n<p>&nbsp;<\/p>\n<p><b>S\u00f3n tots els limitadors de so iguals?<\/b><\/p>\n<p><span style=\"font-weight: 400;\">Existeixen b\u00e0sicament dos tipus de limitadors, els que limiten pel nivell d\u2019immissi\u00f3 en el local registrat en temps reals i els que limiten per nivell electr\u00f2nic equivalent.<\/span><\/p>\n<p><span style=\"font-weight: 400;\">Nosaltres hem apostat per aquest segons tipus, ja que aconsegueix un nivell ac\u00fastic estable i sense talls bruscos de nivell. <\/span><\/p>\n<p><span style=\"font-weight: 400;\">Addicionalment, existeixen els limitadors mec\u00e0nics de les TV i minicadenes, que amb un preu m\u00e9s redu\u00eft permeten que petits locals tinguin m\u00fasica complint amb la normativa. <\/span><\/p>\n<p class=\"m-b-20\"><b>Nosaltres som distribu\u00efdors oficials de limitadors de so ECUDAP. <\/b><\/p>\n<p><span style=\"font-weight: 400;\">La nostra empresa \u00e9s instal\u00b7ladora i distribu\u00efdora de limitadors de so de la marca ECUDAP. Ja que aquest tipus de limitador que no es veu influenciat pels sorolls ambientals per la limitaci\u00f3.<\/span><\/p>\n<p><span style=\"font-weight: 400;\">En els \u00faltims 15 anys s\u2019han instal\u00b7lat aproximadament unes 1000 unitats amb gran acceptaci\u00f3 per part dels clients i l\u2019administraci\u00f3.<\/span><\/p>\n<p>&nbsp;<\/p>\n<p><b>Necessites instal\u00b7lar un limitador de so en el teu local?\u00a0<\/b><\/p>\n<p><span style=\"font-weight: 400;\">Tots els locals en l\u2019Ajuntament de Barcelona que tenen reproducci\u00f3 sonora musical, sigui una tenda de roba, bar, restaurant o discoteca, han de disposar en compliment de l\u2019Ordenan\u00e7a de Medi Ambient la reproducci\u00f3 sonora limitada.\u00a0<\/span><\/p>\n<p>&nbsp;<\/p>\n<p><b>Ets un instal\u00b7lador de limitadors de so i vols disposar d\u2019homologaci\u00f3 dels limitadors de so ECUDAP?\u00a0<\/b><\/p>\n<p><span style=\"font-weight: 400;\">Com distribu\u00efdor de la marca ECUDAP realitzem regularment curs d\u2019homologaci\u00f3 per la instal\u00b7laci\u00f3 dels seus limitadors, aix\u00ed els diferents instal\u00b7ladors tenen l\u2019opci\u00f3 de beneficiar-se dels avantatges del limitador ECUDAP.<\/span>[\/vc_column_text][\/vc_column][\/vc_row][vc_row][vc_column][vc_empty_space][vc_single_image image=&#8221;898&#8243; img_size=&#8221;large&#8221; alignment=&#8221;center&#8221;][\/vc_column][\/vc_row]<\/p>\n","protected":false},"excerpt":{"rendered":"<p>[vc_row full_width=&#8221;stretch_row&#8221; css=&#8221;.vc_custom_1762527908579{background-color: #ffffff !important;}&#8221;][vc_column css=&#8221;.vc_custom_1762528347821{margin-top: 40px !important;margin-bottom: 22px !important;background-color: #ffffff !important;}&#8221;][\/vc_column][\/vc_row][vc_row][vc_column][vc_column_text]Que \u00e9s un limitador de so? Equip electr\u00f2nic que limita el nivell musical al nivell m\u00e0xim perm\u00e8s pel tipus d\u2019activitat o que est\u00e0 limitat pel nivell d\u2019a\u00efllament que disposa el local. &nbsp; Per qu\u00e8 necessitem un limitador de so en el nostre local?\u00a0 Per&hellip;<\/p>\n","protected":false},"author":6,"featured_media":0,"parent":0,"menu_order":0,"comment_status":"closed","ping_status":"closed","template":"","meta":{"_joinchat":[],"footnotes":""},"class_list":["post-1014","page","type-page","status-publish","hentry","description-off"],"yoast_head":"<!-- This site is optimized with the Yoast SEO plugin v26.2 - https:\/\/yoast.com\/wordpress\/plugins\/seo\/ -->\n<title>Limitadors de so - Dr Enginyer Atanasi Jornet<\/title>\n<meta name=\"robots\" content=\"index, follow, max-snippet:-1, max-image-preview:large, max-video-preview:-1\" \/>\n<link rel=\"canonical\" href=\"https:\/\/atanasijornet.com\/ca\/limitadors-de-so\/\" \/>\n<meta property=\"og:locale\" content=\"ca_ES\" \/>\n<meta property=\"og:type\" content=\"article\" \/>\n<meta property=\"og:title\" content=\"Limitadors de so - Dr Enginyer Atanasi Jornet\" \/>\n<meta property=\"og:description\" content=\"[vc_row full_width=&#8221;stretch_row&#8221; css=&#8221;.vc_custom_1762527908579{background-color: #ffffff !important;}&#8221;][vc_column css=&#8221;.vc_custom_1762528347821{margin-top: 40px !important;margin-bottom: 22px !important;background-color: #ffffff !important;}&#8221;][\/vc_column][\/vc_row][vc_row][vc_column][vc_column_text]Que \u00e9s un limitador de so? Equip electr\u00f2nic que limita el nivell musical al nivell m\u00e0xim perm\u00e8s pel tipus d\u2019activitat o que est\u00e0 limitat pel nivell d\u2019a\u00efllament que disposa el local. &nbsp; Per qu\u00e8 necessitem un limitador de so en el nostre local?\u00a0 Per&hellip;\" \/>\n<meta property=\"og:url\" content=\"https:\/\/atanasijornet.com\/ca\/limitadors-de-so\/\" \/>\n<meta property=\"og:site_name\" content=\"Dr Enginyer Atanasi Jornet\" \/>\n<meta property=\"article:modified_time\" content=\"2025-11-07T15:16:44+00:00\" \/>\n<meta name=\"twitter:card\" content=\"summary_large_image\" \/>\n<meta name=\"twitter:label1\" content=\"Temps estimat de lectura\" \/>\n\t<meta name=\"twitter:data1\" content=\"2 minuts\" \/>\n<script type=\"application\/ld+json\" class=\"yoast-schema-graph\">{\"@context\":\"https:\/\/schema.org\",\"@graph\":[{\"@type\":\"WebPage\",\"@id\":\"https:\/\/atanasijornet.com\/ca\/limitadors-de-so\/\",\"url\":\"https:\/\/atanasijornet.com\/ca\/limitadors-de-so\/\",\"name\":\"Limitadors de so - Dr Enginyer Atanasi Jornet\",\"isPartOf\":{\"@id\":\"https:\/\/atanasijornet.com\/#website\"},\"datePublished\":\"2022-02-15T15:21:52+00:00\",\"dateModified\":\"2025-11-07T15:16:44+00:00\",\"breadcrumb\":{\"@id\":\"https:\/\/atanasijornet.com\/ca\/limitadors-de-so\/#breadcrumb\"},\"inLanguage\":\"ca\",\"potentialAction\":[{\"@type\":\"ReadAction\",\"target\":[\"https:\/\/atanasijornet.com\/ca\/limitadors-de-so\/\"]}]},{\"@type\":\"BreadcrumbList\",\"@id\":\"https:\/\/atanasijornet.com\/ca\/limitadors-de-so\/#breadcrumb\",\"itemListElement\":[{\"@type\":\"ListItem\",\"position\":1,\"name\":\"Portada\",\"item\":\"https:\/\/atanasijornet.com\/ca\/\"},{\"@type\":\"ListItem\",\"position\":2,\"name\":\"Limitadors de so\"}]},{\"@type\":\"WebSite\",\"@id\":\"https:\/\/atanasijornet.com\/#website\",\"url\":\"https:\/\/atanasijornet.com\/\",\"name\":\"Atanasi Jornet\",\"description\":\"\",\"potentialAction\":[{\"@type\":\"SearchAction\",\"target\":{\"@type\":\"EntryPoint\",\"urlTemplate\":\"https:\/\/atanasijornet.com\/?s={search_term_string}\"},\"query-input\":{\"@type\":\"PropertyValueSpecification\",\"valueRequired\":true,\"valueName\":\"search_term_string\"}}],\"inLanguage\":\"ca\"}]}<\/script>\n<!-- \/ Yoast SEO plugin. -->","yoast_head_json":{"title":"Limitadors de so - Dr Enginyer Atanasi Jornet","robots":{"index":"index","follow":"follow","max-snippet":"max-snippet:-1","max-image-preview":"max-image-preview:large","max-video-preview":"max-video-preview:-1"},"canonical":"https:\/\/atanasijornet.com\/ca\/limitadors-de-so\/","og_locale":"ca_ES","og_type":"article","og_title":"Limitadors de so - Dr Enginyer Atanasi Jornet","og_description":"[vc_row full_width=&#8221;stretch_row&#8221; css=&#8221;.vc_custom_1762527908579{background-color: #ffffff !important;}&#8221;][vc_column css=&#8221;.vc_custom_1762528347821{margin-top: 40px !important;margin-bottom: 22px !important;background-color: #ffffff !important;}&#8221;][\/vc_column][\/vc_row][vc_row][vc_column][vc_column_text]Que \u00e9s un limitador de so? Equip electr\u00f2nic que limita el nivell musical al nivell m\u00e0xim perm\u00e8s pel tipus d\u2019activitat o que est\u00e0 limitat pel nivell d\u2019a\u00efllament que disposa el local. &nbsp; Per qu\u00e8 necessitem un limitador de so en el nostre local?\u00a0 Per&hellip;","og_url":"https:\/\/atanasijornet.com\/ca\/limitadors-de-so\/","og_site_name":"Dr Enginyer Atanasi Jornet","article_modified_time":"2025-11-07T15:16:44+00:00","twitter_card":"summary_large_image","twitter_misc":{"Temps estimat de lectura":"2 minuts"},"schema":{"@context":"https:\/\/schema.org","@graph":[{"@type":"WebPage","@id":"https:\/\/atanasijornet.com\/ca\/limitadors-de-so\/","url":"https:\/\/atanasijornet.com\/ca\/limitadors-de-so\/","name":"Limitadors de so - Dr Enginyer Atanasi Jornet","isPartOf":{"@id":"https:\/\/atanasijornet.com\/#website"},"datePublished":"2022-02-15T15:21:52+00:00","dateModified":"2025-11-07T15:16:44+00:00","breadcrumb":{"@id":"https:\/\/atanasijornet.com\/ca\/limitadors-de-so\/#breadcrumb"},"inLanguage":"ca","potentialAction":[{"@type":"ReadAction","target":["https:\/\/atanasijornet.com\/ca\/limitadors-de-so\/"]}]},{"@type":"BreadcrumbList","@id":"https:\/\/atanasijornet.com\/ca\/limitadors-de-so\/#breadcrumb","itemListElement":[{"@type":"ListItem","position":1,"name":"Portada","item":"https:\/\/atanasijornet.com\/ca\/"},{"@type":"ListItem","position":2,"name":"Limitadors de so"}]},{"@type":"WebSite","@id":"https:\/\/atanasijornet.com\/#website","url":"https:\/\/atanasijornet.com\/","name":"Atanasi Jornet","description":"","potentialAction":[{"@type":"SearchAction","target":{"@type":"EntryPoint","urlTemplate":"https:\/\/atanasijornet.com\/?s={search_term_string}"},"query-input":{"@type":"PropertyValueSpecification","valueRequired":true,"valueName":"search_term_string"}}],"inLanguage":"ca"}]}},"_links":{"self":[{"href":"https:\/\/atanasijornet.com\/ca\/wp-json\/wp\/v2\/pages\/1014","targetHints":{"allow":["GET"]}}],"collection":[{"href":"https:\/\/atanasijornet.com\/ca\/wp-json\/wp\/v2\/pages"}],"about":[{"href":"https:\/\/atanasijornet.com\/ca\/wp-json\/wp\/v2\/types\/page"}],"author":[{"embeddable":true,"href":"https:\/\/atanasijornet.com\/ca\/wp-json\/wp\/v2\/users\/6"}],"replies":[{"embeddable":true,"href":"https:\/\/atanasijornet.com\/ca\/wp-json\/wp\/v2\/comments?post=1014"}],"version-history":[{"count":2,"href":"https:\/\/atanasijornet.com\/ca\/wp-json\/wp\/v2\/pages\/1014\/revisions"}],"predecessor-version":[{"id":1812,"href":"https:\/\/atanasijornet.com\/ca\/wp-json\/wp\/v2\/pages\/1014\/revisions\/1812"}],"wp:attachment":[{"href":"https:\/\/atanasijornet.com\/ca\/wp-json\/wp\/v2\/media?parent=1014"}],"curies":[{"name":"wp","href":"https:\/\/api.w.org\/{rel}","templated":true}]}}