{"id":1018,"date":"2022-02-15T15:23:53","date_gmt":"2022-02-15T15:23:53","guid":{"rendered":"https:\/\/atanasijornet.com\/?page_id=1018"},"modified":"2022-05-24T16:20:34","modified_gmt":"2022-05-24T16:20:34","slug":"avaluacio-de-traspassos","status":"publish","type":"page","link":"https:\/\/atanasijornet.com\/ca\/avaluacio-de-traspassos\/","title":{"rendered":"Avaluaci\u00f3 de traspassos"},"content":{"rendered":"<p>[vc_row][vc_column][vc_column_text]<b>Fer un trasp\u00e0s de negoci \u00e9s una decisi\u00f3 molt important, per aix\u00f2 has d\u2019estar ben assessorat i haver fet una valoraci\u00f3 de l\u2019estat real del local.\u00a0<\/b><\/p>\n<p><b>Que tenim en compte a l\u2019hora d\u2019una avaluaci\u00f3 de traspassos?<\/b><span style=\"font-weight: 400;\"><br \/>\n<\/span><\/p>\n<ol>\n<li style=\"font-weight: 400;\" aria-level=\"1\"><span style=\"font-weight: 400;\">Verificar que la llic\u00e8ncia que es traspassa es correspon amb l\u2019empla\u00e7ament del local al qual es vol obtindr\u00e9 per part del propietari, el contracte lloguer.<\/span><\/li>\n<li style=\"font-weight: 400;\" aria-level=\"1\"><span style=\"font-weight: 400;\">Verificar que el titular actual que traspassa \u00e9s el que consta en la llic\u00e8ncia.<\/span><\/li>\n<li style=\"font-weight: 400;\" aria-level=\"1\"><span style=\"font-weight: 400;\">Verificar que no existeixen expedientes d\u2019inspecci\u00f3 que indiqui que el local ha ocasionat mol\u00e8sties als ve\u00efns o incompliments.<\/span><\/li>\n<li style=\"font-weight: 400;\" aria-level=\"1\"><span style=\"font-weight: 400;\">Verificar que la distribuci\u00f3 del local compleix amb els pl\u00e0nols aprovats de la llic\u00e8ncia i si han existit canvis, aquests no s\u00f3n substancials pel desenvolupament de l\u2019activitat.\u00a0<\/span><\/li>\n<li style=\"font-weight: 400;\" aria-level=\"1\"><span style=\"font-weight: 400;\">Verificaci\u00f3 de si disposa de llic\u00e8ncia de vetllador i de quantes taules i cadires.\u00a0<\/span><\/li>\n<li style=\"font-weight: 400;\" aria-level=\"1\"><span style=\"font-weight: 400;\">Verificar que disposa de la corresponent posada en servei o control inicial.<\/span><\/li>\n<li style=\"font-weight: 400;\" aria-level=\"1\"><span style=\"font-weight: 400;\">Cas d\u2019exist\u00e8ncia de xemeneia, verificar el seu compliment amb la normativa.<\/span><\/li>\n<li style=\"font-weight: 400;\" aria-level=\"1\"><span style=\"font-weight: 400;\">El departament jur\u00eddic haur\u00e0 de verificar que no hi hagi embargament de la llic\u00e8ncia.\u00a0<\/span><\/li>\n<\/ol>\n<p><span style=\"font-weight: 400;\">\u00a1Aquest \u201cCheck list\u201d del local el pots encarregar en les nostres oficines! <\/span>[\/vc_column_text][\/vc_column][\/vc_row][vc_row][vc_column][vc_empty_space][vc_single_image image=&#8221;896&#8243; img_size=&#8221;large&#8221; alignment=&#8221;center&#8221;][\/vc_column][\/vc_row]<\/p>\n","protected":false},"excerpt":{"rendered":"<p>[vc_row][vc_column][vc_column_text]Fer un trasp\u00e0s de negoci \u00e9s una decisi\u00f3 molt important, per aix\u00f2 has d\u2019estar ben assessorat i haver fet una valoraci\u00f3 de l\u2019estat real del local.\u00a0 Que tenim en compte a l\u2019hora d\u2019una avaluaci\u00f3 de traspassos? Verificar que la llic\u00e8ncia que es traspassa es correspon amb l\u2019empla\u00e7ament del local al qual es vol obtindr\u00e9 per&hellip;<\/p>\n","protected":false},"author":6,"featured_media":0,"parent":0,"menu_order":0,"comment_status":"closed","ping_status":"closed","template":"","meta":{"_joinchat":[],"footnotes":""},"class_list":["post-1018","page","type-page","status-publish","hentry","description-off"],"yoast_head":"<!-- This site is optimized with the Yoast SEO plugin v26.2 - https:\/\/yoast.com\/wordpress\/plugins\/seo\/ -->\n<title>Avaluaci\u00f3 de traspassos - Dr Enginyer Atanasi Jornet<\/title>\n<meta name=\"robots\" content=\"index, follow, max-snippet:-1, max-image-preview:large, max-video-preview:-1\" \/>\n<link rel=\"canonical\" href=\"https:\/\/atanasijornet.com\/ca\/avaluacio-de-traspassos\/\" \/>\n<meta property=\"og:locale\" content=\"ca_ES\" \/>\n<meta property=\"og:type\" content=\"article\" \/>\n<meta property=\"og:title\" content=\"Avaluaci\u00f3 de traspassos - Dr Enginyer Atanasi Jornet\" \/>\n<meta property=\"og:description\" content=\"[vc_row][vc_column][vc_column_text]Fer un trasp\u00e0s de negoci \u00e9s una decisi\u00f3 molt important, per aix\u00f2 has d\u2019estar ben assessorat i haver fet una valoraci\u00f3 de l\u2019estat real del local.\u00a0 Que tenim en compte a l\u2019hora d\u2019una avaluaci\u00f3 de traspassos? Verificar que la llic\u00e8ncia que es traspassa es correspon amb l\u2019empla\u00e7ament del local al qual es vol obtindr\u00e9 per&hellip;\" \/>\n<meta property=\"og:url\" content=\"https:\/\/atanasijornet.com\/ca\/avaluacio-de-traspassos\/\" \/>\n<meta property=\"og:site_name\" content=\"Dr Enginyer Atanasi Jornet\" \/>\n<meta property=\"article:modified_time\" content=\"2022-05-24T16:20:34+00:00\" \/>\n<meta name=\"twitter:card\" content=\"summary_large_image\" \/>\n<meta name=\"twitter:label1\" content=\"Temps estimat de lectura\" \/>\n\t<meta name=\"twitter:data1\" content=\"1 minut\" \/>\n<script type=\"application\/ld+json\" class=\"yoast-schema-graph\">{\"@context\":\"https:\/\/schema.org\",\"@graph\":[{\"@type\":\"WebPage\",\"@id\":\"https:\/\/atanasijornet.com\/ca\/avaluacio-de-traspassos\/\",\"url\":\"https:\/\/atanasijornet.com\/ca\/avaluacio-de-traspassos\/\",\"name\":\"Avaluaci\u00f3 de traspassos - Dr Enginyer Atanasi Jornet\",\"isPartOf\":{\"@id\":\"https:\/\/atanasijornet.com\/#website\"},\"datePublished\":\"2022-02-15T15:23:53+00:00\",\"dateModified\":\"2022-05-24T16:20:34+00:00\",\"breadcrumb\":{\"@id\":\"https:\/\/atanasijornet.com\/ca\/avaluacio-de-traspassos\/#breadcrumb\"},\"inLanguage\":\"ca\",\"potentialAction\":[{\"@type\":\"ReadAction\",\"target\":[\"https:\/\/atanasijornet.com\/ca\/avaluacio-de-traspassos\/\"]}]},{\"@type\":\"BreadcrumbList\",\"@id\":\"https:\/\/atanasijornet.com\/ca\/avaluacio-de-traspassos\/#breadcrumb\",\"itemListElement\":[{\"@type\":\"ListItem\",\"position\":1,\"name\":\"Portada\",\"item\":\"https:\/\/atanasijornet.com\/ca\/\"},{\"@type\":\"ListItem\",\"position\":2,\"name\":\"Avaluaci\u00f3 de traspassos\"}]},{\"@type\":\"WebSite\",\"@id\":\"https:\/\/atanasijornet.com\/#website\",\"url\":\"https:\/\/atanasijornet.com\/\",\"name\":\"Atanasi Jornet\",\"description\":\"\",\"potentialAction\":[{\"@type\":\"SearchAction\",\"target\":{\"@type\":\"EntryPoint\",\"urlTemplate\":\"https:\/\/atanasijornet.com\/?s={search_term_string}\"},\"query-input\":{\"@type\":\"PropertyValueSpecification\",\"valueRequired\":true,\"valueName\":\"search_term_string\"}}],\"inLanguage\":\"ca\"}]}<\/script>\n<!-- \/ Yoast SEO plugin. -->","yoast_head_json":{"title":"Avaluaci\u00f3 de traspassos - Dr Enginyer Atanasi Jornet","robots":{"index":"index","follow":"follow","max-snippet":"max-snippet:-1","max-image-preview":"max-image-preview:large","max-video-preview":"max-video-preview:-1"},"canonical":"https:\/\/atanasijornet.com\/ca\/avaluacio-de-traspassos\/","og_locale":"ca_ES","og_type":"article","og_title":"Avaluaci\u00f3 de traspassos - Dr Enginyer Atanasi Jornet","og_description":"[vc_row][vc_column][vc_column_text]Fer un trasp\u00e0s de negoci \u00e9s una decisi\u00f3 molt important, per aix\u00f2 has d\u2019estar ben assessorat i haver fet una valoraci\u00f3 de l\u2019estat real del local.\u00a0 Que tenim en compte a l\u2019hora d\u2019una avaluaci\u00f3 de traspassos? Verificar que la llic\u00e8ncia que es traspassa es correspon amb l\u2019empla\u00e7ament del local al qual es vol obtindr\u00e9 per&hellip;","og_url":"https:\/\/atanasijornet.com\/ca\/avaluacio-de-traspassos\/","og_site_name":"Dr Enginyer Atanasi Jornet","article_modified_time":"2022-05-24T16:20:34+00:00","twitter_card":"summary_large_image","twitter_misc":{"Temps estimat de lectura":"1 minut"},"schema":{"@context":"https:\/\/schema.org","@graph":[{"@type":"WebPage","@id":"https:\/\/atanasijornet.com\/ca\/avaluacio-de-traspassos\/","url":"https:\/\/atanasijornet.com\/ca\/avaluacio-de-traspassos\/","name":"Avaluaci\u00f3 de traspassos - Dr Enginyer Atanasi Jornet","isPartOf":{"@id":"https:\/\/atanasijornet.com\/#website"},"datePublished":"2022-02-15T15:23:53+00:00","dateModified":"2022-05-24T16:20:34+00:00","breadcrumb":{"@id":"https:\/\/atanasijornet.com\/ca\/avaluacio-de-traspassos\/#breadcrumb"},"inLanguage":"ca","potentialAction":[{"@type":"ReadAction","target":["https:\/\/atanasijornet.com\/ca\/avaluacio-de-traspassos\/"]}]},{"@type":"BreadcrumbList","@id":"https:\/\/atanasijornet.com\/ca\/avaluacio-de-traspassos\/#breadcrumb","itemListElement":[{"@type":"ListItem","position":1,"name":"Portada","item":"https:\/\/atanasijornet.com\/ca\/"},{"@type":"ListItem","position":2,"name":"Avaluaci\u00f3 de traspassos"}]},{"@type":"WebSite","@id":"https:\/\/atanasijornet.com\/#website","url":"https:\/\/atanasijornet.com\/","name":"Atanasi Jornet","description":"","potentialAction":[{"@type":"SearchAction","target":{"@type":"EntryPoint","urlTemplate":"https:\/\/atanasijornet.com\/?s={search_term_string}"},"query-input":{"@type":"PropertyValueSpecification","valueRequired":true,"valueName":"search_term_string"}}],"inLanguage":"ca"}]}},"_links":{"self":[{"href":"https:\/\/atanasijornet.com\/ca\/wp-json\/wp\/v2\/pages\/1018","targetHints":{"allow":["GET"]}}],"collection":[{"href":"https:\/\/atanasijornet.com\/ca\/wp-json\/wp\/v2\/pages"}],"about":[{"href":"https:\/\/atanasijornet.com\/ca\/wp-json\/wp\/v2\/types\/page"}],"author":[{"embeddable":true,"href":"https:\/\/atanasijornet.com\/ca\/wp-json\/wp\/v2\/users\/6"}],"replies":[{"embeddable":true,"href":"https:\/\/atanasijornet.com\/ca\/wp-json\/wp\/v2\/comments?post=1018"}],"version-history":[{"count":0,"href":"https:\/\/atanasijornet.com\/ca\/wp-json\/wp\/v2\/pages\/1018\/revisions"}],"wp:attachment":[{"href":"https:\/\/atanasijornet.com\/ca\/wp-json\/wp\/v2\/media?parent=1018"}],"curies":[{"name":"wp","href":"https:\/\/api.w.org\/{rel}","templated":true}]}}