{"id":1029,"date":"2022-03-10T15:46:45","date_gmt":"2022-03-10T15:46:45","guid":{"rendered":"https:\/\/atanasijornet.com\/?page_id=1029"},"modified":"2022-05-24T16:28:07","modified_gmt":"2022-05-24T16:28:07","slug":"sol%c2%b7licitud-informe-a-patrimoni","status":"publish","type":"page","link":"https:\/\/atanasijornet.com\/ca\/serveis\/tramit-de-llicencia-dobres\/sol%c2%b7licitud-informe-a-patrimoni\/","title":{"rendered":"Sol\u00b7licitud informe a patrimoni"},"content":{"rendered":"<p>[vc_row][vc_column][vc_column_text]<b>Tens un local en Barcelona i vols fer una obra?<\/b><\/p>\n<p><span style=\"font-weight: 400;\">En algunes ocasions ser\u00e0 un obra de millora del local, en altres, les obres per poder obtenir la llic\u00e8ncia d\u2019activitat; en tots dos casos necessites una llic\u00e8ncia d\u2019obres.<\/span><\/p>\n<p>&nbsp;<\/p>\n<p><span style=\"font-weight: 400;\">\u00a0<\/span><b>\u00bfEn qu\u00e8 consisteix el tr\u00e0mit per una llic\u00e8ncia d\u2019obres?<\/b><\/p>\n<p><span style=\"font-weight: 400;\">El tr\u00e0mit d\u2019obtenci\u00f3 de la llic\u00e8ncia d\u2019obres consta de diferents passos que s\u2019identifiquen a continuaci\u00f3:<\/span><\/p>\n<ul>\n<li style=\"font-weight: 400;\" aria-level=\"1\"><span style=\"font-weight: 400;\">Projecte t\u00e8cnic: Realitzat per un t\u00e8cnic competent i on es justifica la normativa actual i es descriuen les actuacions a realitzar en el local. S\u2019adjunten pl\u00e0nols de l\u2019actuaci\u00f3 i els annexos corresponents.<\/span><\/li>\n<li style=\"font-weight: 400;\" aria-level=\"1\"><span style=\"font-weight: 400;\">Informe d\u2019Idone\u00eftat T\u00e9cnica (IIT): informe favorable de l\u2019entitat de Control al projecte t\u00e8cnic d\u2019obres. Es necessari per a la presentaci\u00f3 del projecte a l\u2019Ajuntament.<\/span><\/li>\n<li style=\"font-weight: 400;\" aria-level=\"1\"><span style=\"font-weight: 400;\">Informe previ de patrimoni (IPP): en funci\u00f3 de les actuacions a dur a terme i la situaci\u00f3 del local, es pot requerir aquest informe complementari, realitzar per Urbanisme, i que es necessita la seva aprovaci\u00f3 per l\u2019obtenci\u00f3 del IIT<\/span><\/li>\n<li style=\"font-weight: 400;\" aria-level=\"1\"><span style=\"font-weight: 400;\">Rebut del comunicat: amb el IIT favorable es registra la documentaci\u00f3 a trav\u00e9s del portal de tr\u00e0mits d\u2019obres i s\u2019obt\u00e9 el document de registre en l\u2019Ajuntament.\u00a0<\/span><\/li>\n<\/ul>\n<p><span style=\"font-weight: 400;\">M\u00e9s endavant es defineixen els diferents tr\u00e0mits i terminis un cop registrada la documentaci\u00f3 en l\u2019Ajuntament.\u00a0<\/span><\/p>\n<p>&nbsp;<\/p>\n<p><b>Quin es el termini perqu\u00e8 donin resposta a la meva sol\u00b7licitud?\u00a0<\/b><\/p>\n<p><span style=\"font-weight: 400;\">Un cop executat el projecte t\u00e8cnic i obtingut el IIT es continua amb el registre de la documentaci\u00f3 a trav\u00e9s del portal de tr\u00e0mits de l\u2019Ajuntament. Segons les caracter\u00edstiques de les obres, existeixen 3 tipus de permisos per la realitzaci\u00f3 de les obres:\u00a0<\/span><\/p>\n<ul>\n<li style=\"font-weight: 400;\" aria-level=\"1\"><span style=\"font-weight: 400;\">Comunicat Immediat: s\u2019obt\u00e9 el perm\u00eds en el moment de presentar la documentaci\u00f3 en l\u2019ajuntament.\u00a0<\/span><\/li>\n<li style=\"font-weight: 400;\" aria-level=\"1\"><span style=\"font-weight: 400;\">Comunicat Diferit: l\u2019Ajuntament disposa d\u2019un m\u00e9s per la revisi\u00f3 del projecte i pot demanar modificacions durant aquest termini.\u00a0<\/span><\/li>\n<li style=\"font-weight: 400;\" aria-level=\"1\"><span style=\"font-weight: 400;\">Llic\u00e8ncia: l\u2019Ajuntament disposa de 4 mesos per la revisi\u00f3 del projecte i pot requerir modificacions durant aquest termini. <\/span><\/li>\n<\/ul>\n<p><span style=\"font-weight: 400;\">En funci\u00f3 de les obres a fer, en els tr\u00e0mits de comunicat diferit i llic\u00e8ncia, es pot requerir l\u2019informe previ de Patrimoni, que se sol\u00b7licita avan\u00e7 de l\u2019obtenci\u00f3 del IIT i el termini de resoluci\u00f3 \u00e9s d\u2019un m\u00e9s.\u00a0<\/span><\/p>\n<p><span style=\"font-weight: 400;\">\u00a0<\/span><\/p>\n<p><b>Com puc saber que tr\u00e0mit em correspon?\u00a0<\/b><\/p>\n<p><span style=\"font-weight: 400;\">En la web de l\u2019Ajuntament existeix un simulador que permet saber que tipus de tr\u00e0mit correspon en funci\u00f3 de les actuacions a dur a terme i l\u2019empla\u00e7ament del local. Aquest document tamb\u00e9 serveix com refer\u00e8ncia pel registre en l\u2019Ajuntament i ens indica l\u2019esquema que ha de complir el projecte d\u2019obres i els informes complementaris necessaris per a la tramitaci\u00f3 del perm\u00eds.\u00a0<\/span><\/p>\n<p>&nbsp;<\/p>\n<p><span style=\"font-weight: 400;\">\u00a0<\/span><b>Necessito un perm\u00eds d\u2019obres per qualsevol actuaci\u00f3 en el local?\u00a0<\/b><\/p>\n<p><span style=\"font-weight: 400;\">El simulador de la web indicat ens donar\u00e0 el resultat del tr\u00e0mit com s\u2019ha explicat. Existeix tamb\u00e9 un perm\u00eds que no requereix de la tramitaci\u00f3 habitual quan les actuacions no afecten la distribuci\u00f3 ni a l\u2019estructura del local (Netejar i pintar). En cas que l\u2019edifici estigui protegit o tingui alguna catalogaci\u00f3, aquestes actuacions tamb\u00e9 poden requerir d\u2019un projecte t\u00e8cnic i la tramitaci\u00f3 habitual.\u00a0<\/span><\/p>\n<p>&nbsp;<\/p>\n<p><span style=\"font-weight: 400;\">\u00a0<\/span><b>Qu\u00e8 passa si em demanen legalitzar unes obres ja realitzades?\u00a0<\/b><\/p>\n<p><span style=\"font-weight: 400;\">En aquest cas el tr\u00e0mit ser\u00e0 el mateix que si s\u2019executaran obres noves. Si les actuacions s\u2019han fet d\u2019acord amb normativa es legalitzaran amb l\u2019obtenci\u00f3 del perm\u00eds. En cas que no donin compliment a la normativa, l\u2019ajuntament requerir\u00e0 modificacions al local. <\/span>[\/vc_column_text][\/vc_column][\/vc_row]<\/p>\n","protected":false},"excerpt":{"rendered":"<p>[vc_row][vc_column][vc_column_text]Tens un local en Barcelona i vols fer una obra? En algunes ocasions ser\u00e0 un obra de millora del local, en altres, les obres per poder obtenir la llic\u00e8ncia d\u2019activitat; en tots dos casos necessites una llic\u00e8ncia d\u2019obres. &nbsp; \u00a0\u00bfEn qu\u00e8 consisteix el tr\u00e0mit per una llic\u00e8ncia d\u2019obres? El tr\u00e0mit d\u2019obtenci\u00f3 de la llic\u00e8ncia d\u2019obres&hellip;<\/p>\n","protected":false},"author":6,"featured_media":0,"parent":999,"menu_order":0,"comment_status":"closed","ping_status":"closed","template":"","meta":{"_joinchat":[],"footnotes":""},"class_list":["post-1029","page","type-page","status-publish","hentry","description-off"],"yoast_head":"<!-- This site is optimized with the Yoast SEO plugin v26.2 - https:\/\/yoast.com\/wordpress\/plugins\/seo\/ -->\n<title>Sol\u00b7licitud informe a patrimoni - Dr Enginyer Atanasi Jornet<\/title>\n<meta name=\"robots\" content=\"index, follow, max-snippet:-1, max-image-preview:large, max-video-preview:-1\" \/>\n<link rel=\"canonical\" href=\"https:\/\/atanasijornet.com\/ca\/serveis\/tramit-de-llicencia-dobres\/sol\u00b7licitud-informe-a-patrimoni\/\" \/>\n<meta property=\"og:locale\" content=\"ca_ES\" \/>\n<meta property=\"og:type\" content=\"article\" \/>\n<meta property=\"og:title\" content=\"Sol\u00b7licitud informe a patrimoni - Dr Enginyer Atanasi Jornet\" \/>\n<meta property=\"og:description\" content=\"[vc_row][vc_column][vc_column_text]Tens un local en Barcelona i vols fer una obra? En algunes ocasions ser\u00e0 un obra de millora del local, en altres, les obres per poder obtenir la llic\u00e8ncia d\u2019activitat; en tots dos casos necessites una llic\u00e8ncia d\u2019obres. &nbsp; \u00a0\u00bfEn qu\u00e8 consisteix el tr\u00e0mit per una llic\u00e8ncia d\u2019obres? El tr\u00e0mit d\u2019obtenci\u00f3 de la llic\u00e8ncia d\u2019obres&hellip;\" \/>\n<meta property=\"og:url\" content=\"https:\/\/atanasijornet.com\/ca\/serveis\/tramit-de-llicencia-dobres\/sol\u00b7licitud-informe-a-patrimoni\/\" \/>\n<meta property=\"og:site_name\" content=\"Dr Enginyer Atanasi Jornet\" \/>\n<meta property=\"article:modified_time\" content=\"2022-05-24T16:28:07+00:00\" \/>\n<meta name=\"twitter:card\" content=\"summary_large_image\" \/>\n<meta name=\"twitter:label1\" content=\"Temps estimat de lectura\" \/>\n\t<meta name=\"twitter:data1\" content=\"3 minuts\" \/>\n<script type=\"application\/ld+json\" class=\"yoast-schema-graph\">{\"@context\":\"https:\/\/schema.org\",\"@graph\":[{\"@type\":\"WebPage\",\"@id\":\"https:\/\/atanasijornet.com\/ca\/serveis\/tramit-de-llicencia-dobres\/sol%c2%b7licitud-informe-a-patrimoni\/\",\"url\":\"https:\/\/atanasijornet.com\/ca\/serveis\/tramit-de-llicencia-dobres\/sol%c2%b7licitud-informe-a-patrimoni\/\",\"name\":\"Sol\u00b7licitud informe a patrimoni - Dr Enginyer Atanasi Jornet\",\"isPartOf\":{\"@id\":\"https:\/\/atanasijornet.com\/#website\"},\"datePublished\":\"2022-03-10T15:46:45+00:00\",\"dateModified\":\"2022-05-24T16:28:07+00:00\",\"breadcrumb\":{\"@id\":\"https:\/\/atanasijornet.com\/ca\/serveis\/tramit-de-llicencia-dobres\/sol%c2%b7licitud-informe-a-patrimoni\/#breadcrumb\"},\"inLanguage\":\"ca\",\"potentialAction\":[{\"@type\":\"ReadAction\",\"target\":[\"https:\/\/atanasijornet.com\/ca\/serveis\/tramit-de-llicencia-dobres\/sol%c2%b7licitud-informe-a-patrimoni\/\"]}]},{\"@type\":\"BreadcrumbList\",\"@id\":\"https:\/\/atanasijornet.com\/ca\/serveis\/tramit-de-llicencia-dobres\/sol%c2%b7licitud-informe-a-patrimoni\/#breadcrumb\",\"itemListElement\":[{\"@type\":\"ListItem\",\"position\":1,\"name\":\"Portada\",\"item\":\"https:\/\/atanasijornet.com\/ca\/\"},{\"@type\":\"ListItem\",\"position\":2,\"name\":\"Serveis\",\"item\":\"https:\/\/atanasijornet.com\/ca\/serveis\/\"},{\"@type\":\"ListItem\",\"position\":3,\"name\":\"Tr\u00e0mit de llic\u00e8ncia d\u2019obres\",\"item\":\"https:\/\/atanasijornet.com\/ca\/serveis\/tramit-de-llicencia-dobres\/\"},{\"@type\":\"ListItem\",\"position\":4,\"name\":\"Sol\u00b7licitud informe a patrimoni\"}]},{\"@type\":\"WebSite\",\"@id\":\"https:\/\/atanasijornet.com\/#website\",\"url\":\"https:\/\/atanasijornet.com\/\",\"name\":\"Atanasi Jornet\",\"description\":\"\",\"potentialAction\":[{\"@type\":\"SearchAction\",\"target\":{\"@type\":\"EntryPoint\",\"urlTemplate\":\"https:\/\/atanasijornet.com\/?s={search_term_string}\"},\"query-input\":{\"@type\":\"PropertyValueSpecification\",\"valueRequired\":true,\"valueName\":\"search_term_string\"}}],\"inLanguage\":\"ca\"}]}<\/script>\n<!-- \/ Yoast SEO plugin. -->","yoast_head_json":{"title":"Sol\u00b7licitud informe a patrimoni - Dr Enginyer Atanasi Jornet","robots":{"index":"index","follow":"follow","max-snippet":"max-snippet:-1","max-image-preview":"max-image-preview:large","max-video-preview":"max-video-preview:-1"},"canonical":"https:\/\/atanasijornet.com\/ca\/serveis\/tramit-de-llicencia-dobres\/sol\u00b7licitud-informe-a-patrimoni\/","og_locale":"ca_ES","og_type":"article","og_title":"Sol\u00b7licitud informe a patrimoni - Dr Enginyer Atanasi Jornet","og_description":"[vc_row][vc_column][vc_column_text]Tens un local en Barcelona i vols fer una obra? En algunes ocasions ser\u00e0 un obra de millora del local, en altres, les obres per poder obtenir la llic\u00e8ncia d\u2019activitat; en tots dos casos necessites una llic\u00e8ncia d\u2019obres. &nbsp; \u00a0\u00bfEn qu\u00e8 consisteix el tr\u00e0mit per una llic\u00e8ncia d\u2019obres? El tr\u00e0mit d\u2019obtenci\u00f3 de la llic\u00e8ncia d\u2019obres&hellip;","og_url":"https:\/\/atanasijornet.com\/ca\/serveis\/tramit-de-llicencia-dobres\/sol\u00b7licitud-informe-a-patrimoni\/","og_site_name":"Dr Enginyer Atanasi Jornet","article_modified_time":"2022-05-24T16:28:07+00:00","twitter_card":"summary_large_image","twitter_misc":{"Temps estimat de lectura":"3 minuts"},"schema":{"@context":"https:\/\/schema.org","@graph":[{"@type":"WebPage","@id":"https:\/\/atanasijornet.com\/ca\/serveis\/tramit-de-llicencia-dobres\/sol%c2%b7licitud-informe-a-patrimoni\/","url":"https:\/\/atanasijornet.com\/ca\/serveis\/tramit-de-llicencia-dobres\/sol%c2%b7licitud-informe-a-patrimoni\/","name":"Sol\u00b7licitud informe a patrimoni - Dr Enginyer Atanasi Jornet","isPartOf":{"@id":"https:\/\/atanasijornet.com\/#website"},"datePublished":"2022-03-10T15:46:45+00:00","dateModified":"2022-05-24T16:28:07+00:00","breadcrumb":{"@id":"https:\/\/atanasijornet.com\/ca\/serveis\/tramit-de-llicencia-dobres\/sol%c2%b7licitud-informe-a-patrimoni\/#breadcrumb"},"inLanguage":"ca","potentialAction":[{"@type":"ReadAction","target":["https:\/\/atanasijornet.com\/ca\/serveis\/tramit-de-llicencia-dobres\/sol%c2%b7licitud-informe-a-patrimoni\/"]}]},{"@type":"BreadcrumbList","@id":"https:\/\/atanasijornet.com\/ca\/serveis\/tramit-de-llicencia-dobres\/sol%c2%b7licitud-informe-a-patrimoni\/#breadcrumb","itemListElement":[{"@type":"ListItem","position":1,"name":"Portada","item":"https:\/\/atanasijornet.com\/ca\/"},{"@type":"ListItem","position":2,"name":"Serveis","item":"https:\/\/atanasijornet.com\/ca\/serveis\/"},{"@type":"ListItem","position":3,"name":"Tr\u00e0mit de llic\u00e8ncia d\u2019obres","item":"https:\/\/atanasijornet.com\/ca\/serveis\/tramit-de-llicencia-dobres\/"},{"@type":"ListItem","position":4,"name":"Sol\u00b7licitud informe a patrimoni"}]},{"@type":"WebSite","@id":"https:\/\/atanasijornet.com\/#website","url":"https:\/\/atanasijornet.com\/","name":"Atanasi Jornet","description":"","potentialAction":[{"@type":"SearchAction","target":{"@type":"EntryPoint","urlTemplate":"https:\/\/atanasijornet.com\/?s={search_term_string}"},"query-input":{"@type":"PropertyValueSpecification","valueRequired":true,"valueName":"search_term_string"}}],"inLanguage":"ca"}]}},"_links":{"self":[{"href":"https:\/\/atanasijornet.com\/ca\/wp-json\/wp\/v2\/pages\/1029","targetHints":{"allow":["GET"]}}],"collection":[{"href":"https:\/\/atanasijornet.com\/ca\/wp-json\/wp\/v2\/pages"}],"about":[{"href":"https:\/\/atanasijornet.com\/ca\/wp-json\/wp\/v2\/types\/page"}],"author":[{"embeddable":true,"href":"https:\/\/atanasijornet.com\/ca\/wp-json\/wp\/v2\/users\/6"}],"replies":[{"embeddable":true,"href":"https:\/\/atanasijornet.com\/ca\/wp-json\/wp\/v2\/comments?post=1029"}],"version-history":[{"count":0,"href":"https:\/\/atanasijornet.com\/ca\/wp-json\/wp\/v2\/pages\/1029\/revisions"}],"up":[{"embeddable":true,"href":"https:\/\/atanasijornet.com\/ca\/wp-json\/wp\/v2\/pages\/999"}],"wp:attachment":[{"href":"https:\/\/atanasijornet.com\/ca\/wp-json\/wp\/v2\/media?parent=1029"}],"curies":[{"name":"wp","href":"https:\/\/api.w.org\/{rel}","templated":true}]}}