{"id":980,"date":"2022-02-15T15:27:33","date_gmt":"2022-02-15T15:27:33","guid":{"rendered":"https:\/\/atanasijornet.com\/?page_id=980"},"modified":"2022-05-25T16:38:36","modified_gmt":"2022-05-25T16:38:36","slug":"legalitzacio-de-llicencies-dactivitat","status":"publish","type":"page","link":"https:\/\/atanasijornet.com\/ca\/serveis\/legalitzacio-de-llicencies-dactivitat\/","title":{"rendered":"Legalitzaci\u00f3 de llic\u00e8ncies d\u2019activitat"},"content":{"rendered":"<p>[vc_row][vc_column][vc_column_text]<b>Vols obrir un nou negoci en Barcelona?<\/b><\/p>\n<p><span style=\"font-weight: 400;\">Necessites una llic\u00e8ncia d\u2019activitat.<\/span><\/p>\n<p><span style=\"font-weight: 400;\">Les m\u00e9s usuals s\u00f3n: Bar, Restaurant Bar, Comercial, Alimentaries\u2026<\/span><\/p>\n<p>&nbsp;<\/p>\n<p><b>En qu\u00e8 consisteix la llic\u00e8ncia d\u2019activitat?<\/b><\/p>\n<p><span style=\"font-weight: 400;\">Primer de tot avaluarem si l\u2019activitat a realitzar es pot portar a terme en l\u2019empla\u00e7ament escollit.<\/span><\/p>\n<p><span style=\"font-weight: 400;\">Es la normativa la que determinar\u00e0 els requeriments de la teva activitat en terme de:<\/span><\/p>\n<ul>\n<li style=\"font-weight: 400;\" aria-level=\"1\"><span style=\"font-weight: 400;\">Horari comercial.<\/span><\/li>\n<li style=\"font-weight: 400;\" aria-level=\"1\"><span style=\"font-weight: 400;\">Aforament.<\/span><\/li>\n<li style=\"font-weight: 400;\" aria-level=\"1\"><span style=\"font-weight: 400;\">Disposici\u00f3 i nombre de taules en l\u2019interior.<\/span><\/li>\n<li style=\"font-weight: 400;\" aria-level=\"1\"><span style=\"font-weight: 400;\">Disposici\u00f3 i nombre de taules en el vetllador.<\/span><\/li>\n<li style=\"font-weight: 400;\" aria-level=\"1\"><span style=\"font-weight: 400;\">Disposici\u00f3 i nombre de sanitaris.<\/span><\/li>\n<\/ul>\n<p>&nbsp;<\/p>\n<p><b>Com aconsegueix-ho la meva llic\u00e8ncia d\u2019activitat?<\/b><\/p>\n<p><span style=\"font-weight: 400;\">Primer de tot s\u2019ha de buscar que l\u2019activitat a dur a terme estigui tipificat en la normativa i es pot realitzar una simulaci\u00f3 per verificar si est\u00e0 afectada pels plans d\u2019usos.<\/span><\/p>\n<p class=\"m-b-20\"><span style=\"font-weight: 400;\">B\u00e0sicament, existeixen tres tipus d\u2019activitats:<\/span><\/p>\n<p><span style=\"font-weight: 400;\">III.3 Comunicat sense Certificaci\u00f3 t\u00e8cnica per part d\u2019una EAC<\/span><\/p>\n<p><span style=\"font-weight: 400;\">Es comunicada directament pel ciutad\u00e0.<\/span><\/p>\n<p>&nbsp;<\/p>\n<p><span style=\"font-weight: 400;\">III.2 Comunicat amb certificaci\u00f3 t\u00e8cnica per part d\u2019una EAC<\/span><\/p>\n<p><span style=\"font-weight: 400;\">S\u2019envia un projecte d\u2019activitat a l\u2019entitat ambiental que el valora, aix\u00ed despr\u00e9s es sol\u00b7licita la corresponent llic\u00e8ncia d\u2019obres.<\/span><\/p>\n<p><span style=\"font-weight: 400;\">Un cop s\u2019executa l\u2019obra, es du a terme la inspecci\u00f3 de la EAC que realitzar\u00e0 la certificaci\u00f3 hi ha continuaci\u00f3 es comunicar\u00e0 a l\u2019Ajuntament, un cop fet es pot obrir.<\/span><\/p>\n<p><span style=\"font-weight: 400;\">L\u2019ajuntament revisa el comunicat, i si no hi ha defici\u00e8ncies, es pot continuar amb l\u2019exercici de l\u2019activitat.<\/span><\/p>\n<p>&nbsp;<\/p>\n<p><span style=\"font-weight: 400;\">II.2 Llic\u00e8ncia Ambiental<\/span><\/p>\n<p><span style=\"font-weight: 400;\">Per poder assegurar-se que es pot realitzar l\u2019activitat en l\u2019empla\u00e7ament indicat, s\u2019haur\u00e0 de sol\u00b7licitar un IPU (Informe Urban\u00edstic Previ), que triga aproximadament 1 mes i indica si es possible realitzar l\u2019activitat sol\u00b7licitada.<\/span><\/p>\n<p><span style=\"font-weight: 400;\">Primer es concedeix la llic\u00e8ncia d\u2019activitats per l\u2019ajuntament i a continuaci\u00f3 es sol\u00b7licita la llic\u00e8ncia d\u2019obres per realitzar-la.<\/span><\/p>\n<p><span style=\"font-weight: 400;\">Un cop s\u2019executa l\u2019obra, es fa la visita per part de l\u2019entitat de control que verifica les condicions de llic\u00e8ncia. Un cop es porta a terme el favorable, es comunica a l\u2019Ajuntament.<\/span><\/p>\n<p>&nbsp;<\/p>\n<p><b>Quin \u00e9s el termini perqu\u00e8 em donin la meva llic\u00e8ncia d\u2019activitat?<\/b><\/p>\n<p><span style=\"font-weight: 400;\">No hi ha termini fixe per la resoluci\u00f3 de la sol\u00b7licitud de la llic\u00e8ncia d\u2019activitat.<\/span><\/p>\n<p><span style=\"font-weight: 400;\">El termini aproximat \u00e9s de setmanes per un comunicat III.3 Sense llic\u00e8ncia d\u2019obres.<\/span><\/p>\n<p><span style=\"font-weight: 400;\">El termini aproximat \u00e9s de 6 mesos per un comunicat III.2.<\/span><\/p>\n<p><span style=\"font-weight: 400;\">El termini aproximat \u00e9s de 12 mesos per una llic\u00e8ncia Ambiental II.2.<\/span>[\/vc_column_text][vc_empty_space][vc_single_image image=&#8221;894&#8243; img_size=&#8221;large&#8221; alignment=&#8221;center&#8221;][\/vc_column][\/vc_row]<\/p>\n","protected":false},"excerpt":{"rendered":"<p>[vc_row][vc_column][vc_column_text]Vols obrir un nou negoci en Barcelona? Necessites una llic\u00e8ncia d\u2019activitat. Les m\u00e9s usuals s\u00f3n: Bar, Restaurant Bar, Comercial, Alimentaries\u2026 &nbsp; En qu\u00e8 consisteix la llic\u00e8ncia d\u2019activitat? Primer de tot avaluarem si l\u2019activitat a realitzar es pot portar a terme en l\u2019empla\u00e7ament escollit. Es la normativa la que determinar\u00e0 els requeriments de la teva activitat&hellip;<\/p>\n","protected":false},"author":6,"featured_media":0,"parent":983,"menu_order":0,"comment_status":"closed","ping_status":"closed","template":"","meta":{"_joinchat":[],"footnotes":""},"class_list":["post-980","page","type-page","status-publish","hentry","description-off"],"yoast_head":"<!-- This site is optimized with the Yoast SEO plugin v26.2 - https:\/\/yoast.com\/wordpress\/plugins\/seo\/ -->\n<title>Legalitzaci\u00f3 de llic\u00e8ncies d\u2019activitat - Dr Enginyer Atanasi Jornet<\/title>\n<meta name=\"robots\" content=\"index, follow, max-snippet:-1, max-image-preview:large, max-video-preview:-1\" \/>\n<link rel=\"canonical\" href=\"https:\/\/atanasijornet.com\/ca\/serveis\/legalitzacio-de-llicencies-dactivitat\/\" \/>\n<meta property=\"og:locale\" content=\"ca_ES\" \/>\n<meta property=\"og:type\" content=\"article\" \/>\n<meta property=\"og:title\" content=\"Legalitzaci\u00f3 de llic\u00e8ncies d\u2019activitat - Dr Enginyer Atanasi Jornet\" \/>\n<meta property=\"og:description\" content=\"[vc_row][vc_column][vc_column_text]Vols obrir un nou negoci en Barcelona? Necessites una llic\u00e8ncia d\u2019activitat. Les m\u00e9s usuals s\u00f3n: Bar, Restaurant Bar, Comercial, Alimentaries\u2026 &nbsp; En qu\u00e8 consisteix la llic\u00e8ncia d\u2019activitat? Primer de tot avaluarem si l\u2019activitat a realitzar es pot portar a terme en l\u2019empla\u00e7ament escollit. Es la normativa la que determinar\u00e0 els requeriments de la teva activitat&hellip;\" \/>\n<meta property=\"og:url\" content=\"https:\/\/atanasijornet.com\/ca\/serveis\/legalitzacio-de-llicencies-dactivitat\/\" \/>\n<meta property=\"og:site_name\" content=\"Dr Enginyer Atanasi Jornet\" \/>\n<meta property=\"article:modified_time\" content=\"2022-05-25T16:38:36+00:00\" \/>\n<meta name=\"twitter:card\" content=\"summary_large_image\" \/>\n<meta name=\"twitter:label1\" content=\"Temps estimat de lectura\" \/>\n\t<meta name=\"twitter:data1\" content=\"2 minuts\" \/>\n<script type=\"application\/ld+json\" class=\"yoast-schema-graph\">{\"@context\":\"https:\/\/schema.org\",\"@graph\":[{\"@type\":\"WebPage\",\"@id\":\"https:\/\/atanasijornet.com\/ca\/serveis\/legalitzacio-de-llicencies-dactivitat\/\",\"url\":\"https:\/\/atanasijornet.com\/ca\/serveis\/legalitzacio-de-llicencies-dactivitat\/\",\"name\":\"Legalitzaci\u00f3 de llic\u00e8ncies d\u2019activitat - Dr Enginyer Atanasi Jornet\",\"isPartOf\":{\"@id\":\"https:\/\/atanasijornet.com\/#website\"},\"datePublished\":\"2022-02-15T15:27:33+00:00\",\"dateModified\":\"2022-05-25T16:38:36+00:00\",\"breadcrumb\":{\"@id\":\"https:\/\/atanasijornet.com\/ca\/serveis\/legalitzacio-de-llicencies-dactivitat\/#breadcrumb\"},\"inLanguage\":\"ca\",\"potentialAction\":[{\"@type\":\"ReadAction\",\"target\":[\"https:\/\/atanasijornet.com\/ca\/serveis\/legalitzacio-de-llicencies-dactivitat\/\"]}]},{\"@type\":\"BreadcrumbList\",\"@id\":\"https:\/\/atanasijornet.com\/ca\/serveis\/legalitzacio-de-llicencies-dactivitat\/#breadcrumb\",\"itemListElement\":[{\"@type\":\"ListItem\",\"position\":1,\"name\":\"Portada\",\"item\":\"https:\/\/atanasijornet.com\/ca\/\"},{\"@type\":\"ListItem\",\"position\":2,\"name\":\"Serveis\",\"item\":\"https:\/\/atanasijornet.com\/ca\/serveis\/\"},{\"@type\":\"ListItem\",\"position\":3,\"name\":\"Legalitzaci\u00f3 de llic\u00e8ncies d\u2019activitat\"}]},{\"@type\":\"WebSite\",\"@id\":\"https:\/\/atanasijornet.com\/#website\",\"url\":\"https:\/\/atanasijornet.com\/\",\"name\":\"Atanasi Jornet\",\"description\":\"\",\"potentialAction\":[{\"@type\":\"SearchAction\",\"target\":{\"@type\":\"EntryPoint\",\"urlTemplate\":\"https:\/\/atanasijornet.com\/?s={search_term_string}\"},\"query-input\":{\"@type\":\"PropertyValueSpecification\",\"valueRequired\":true,\"valueName\":\"search_term_string\"}}],\"inLanguage\":\"ca\"}]}<\/script>\n<!-- \/ Yoast SEO plugin. -->","yoast_head_json":{"title":"Legalitzaci\u00f3 de llic\u00e8ncies d\u2019activitat - Dr Enginyer Atanasi Jornet","robots":{"index":"index","follow":"follow","max-snippet":"max-snippet:-1","max-image-preview":"max-image-preview:large","max-video-preview":"max-video-preview:-1"},"canonical":"https:\/\/atanasijornet.com\/ca\/serveis\/legalitzacio-de-llicencies-dactivitat\/","og_locale":"ca_ES","og_type":"article","og_title":"Legalitzaci\u00f3 de llic\u00e8ncies d\u2019activitat - Dr Enginyer Atanasi Jornet","og_description":"[vc_row][vc_column][vc_column_text]Vols obrir un nou negoci en Barcelona? Necessites una llic\u00e8ncia d\u2019activitat. Les m\u00e9s usuals s\u00f3n: Bar, Restaurant Bar, Comercial, Alimentaries\u2026 &nbsp; En qu\u00e8 consisteix la llic\u00e8ncia d\u2019activitat? Primer de tot avaluarem si l\u2019activitat a realitzar es pot portar a terme en l\u2019empla\u00e7ament escollit. Es la normativa la que determinar\u00e0 els requeriments de la teva activitat&hellip;","og_url":"https:\/\/atanasijornet.com\/ca\/serveis\/legalitzacio-de-llicencies-dactivitat\/","og_site_name":"Dr Enginyer Atanasi Jornet","article_modified_time":"2022-05-25T16:38:36+00:00","twitter_card":"summary_large_image","twitter_misc":{"Temps estimat de lectura":"2 minuts"},"schema":{"@context":"https:\/\/schema.org","@graph":[{"@type":"WebPage","@id":"https:\/\/atanasijornet.com\/ca\/serveis\/legalitzacio-de-llicencies-dactivitat\/","url":"https:\/\/atanasijornet.com\/ca\/serveis\/legalitzacio-de-llicencies-dactivitat\/","name":"Legalitzaci\u00f3 de llic\u00e8ncies d\u2019activitat - Dr Enginyer Atanasi Jornet","isPartOf":{"@id":"https:\/\/atanasijornet.com\/#website"},"datePublished":"2022-02-15T15:27:33+00:00","dateModified":"2022-05-25T16:38:36+00:00","breadcrumb":{"@id":"https:\/\/atanasijornet.com\/ca\/serveis\/legalitzacio-de-llicencies-dactivitat\/#breadcrumb"},"inLanguage":"ca","potentialAction":[{"@type":"ReadAction","target":["https:\/\/atanasijornet.com\/ca\/serveis\/legalitzacio-de-llicencies-dactivitat\/"]}]},{"@type":"BreadcrumbList","@id":"https:\/\/atanasijornet.com\/ca\/serveis\/legalitzacio-de-llicencies-dactivitat\/#breadcrumb","itemListElement":[{"@type":"ListItem","position":1,"name":"Portada","item":"https:\/\/atanasijornet.com\/ca\/"},{"@type":"ListItem","position":2,"name":"Serveis","item":"https:\/\/atanasijornet.com\/ca\/serveis\/"},{"@type":"ListItem","position":3,"name":"Legalitzaci\u00f3 de llic\u00e8ncies d\u2019activitat"}]},{"@type":"WebSite","@id":"https:\/\/atanasijornet.com\/#website","url":"https:\/\/atanasijornet.com\/","name":"Atanasi Jornet","description":"","potentialAction":[{"@type":"SearchAction","target":{"@type":"EntryPoint","urlTemplate":"https:\/\/atanasijornet.com\/?s={search_term_string}"},"query-input":{"@type":"PropertyValueSpecification","valueRequired":true,"valueName":"search_term_string"}}],"inLanguage":"ca"}]}},"_links":{"self":[{"href":"https:\/\/atanasijornet.com\/ca\/wp-json\/wp\/v2\/pages\/980","targetHints":{"allow":["GET"]}}],"collection":[{"href":"https:\/\/atanasijornet.com\/ca\/wp-json\/wp\/v2\/pages"}],"about":[{"href":"https:\/\/atanasijornet.com\/ca\/wp-json\/wp\/v2\/types\/page"}],"author":[{"embeddable":true,"href":"https:\/\/atanasijornet.com\/ca\/wp-json\/wp\/v2\/users\/6"}],"replies":[{"embeddable":true,"href":"https:\/\/atanasijornet.com\/ca\/wp-json\/wp\/v2\/comments?post=980"}],"version-history":[{"count":0,"href":"https:\/\/atanasijornet.com\/ca\/wp-json\/wp\/v2\/pages\/980\/revisions"}],"up":[{"embeddable":true,"href":"https:\/\/atanasijornet.com\/ca\/wp-json\/wp\/v2\/pages\/983"}],"wp:attachment":[{"href":"https:\/\/atanasijornet.com\/ca\/wp-json\/wp\/v2\/media?parent=980"}],"curies":[{"name":"wp","href":"https:\/\/api.w.org\/{rel}","templated":true}]}}