{"id":986,"date":"2022-04-13T16:31:40","date_gmt":"2022-04-13T16:31:40","guid":{"rendered":"https:\/\/atanasijornet.com\/?page_id=986"},"modified":"2022-05-26T07:21:23","modified_gmt":"2022-05-26T07:21:23","slug":"legalizacion-actuaciones-en-directo","status":"publish","type":"page","link":"https:\/\/atanasijornet.com\/ca\/serveis\/legalitzacio-de-llicencies-dactivitat\/legalizacion-actuaciones-en-directo\/","title":{"rendered":"Legalitzaci\u00f3 actuacions en directe"},"content":{"rendered":"<p>[vc_row][vc_column][vc_column_text]<b>Com legalitzo les actuacions en viu i en directe, amb m\u00fasica amplificada en el meu bar o restaurant de Barcelona?<\/b><\/p>\n<p class=\"m-b-20\"><span style=\"font-weight: 400;\">Les activitats de restauraci\u00f3 en l\u2019Ajuntament de Barcelona poden incorporar a la resoluci\u00f3 de la llic\u00e8ncia com activitat complementaria: actuacions en directe amb m\u00fasica amplificada i sense amplificar.<\/span><\/p>\n<p><span style=\"font-weight: 400;\">Per poder comunicar les actuacions en directe amb m\u00fasica amplificada \u00e9s necessari realitzar un estudi d\u2019impacte ac\u00fastic amb mesures \u201cin situ\u201d per avaluar si aquesta instal\u00b7laci\u00f3 ser\u00e0 possible. El nostre equip disposa d\u2019equip de mesura necessari i des de l\u2019oficina es tramitaran tots els tr\u00e0mits pertinents fins a la seva resoluci\u00f3.<\/span>[\/vc_column_text][\/vc_column][\/vc_row][vc_row][vc_column][vc_empty_space][vc_single_image image=&#8221;897&#8243; img_size=&#8221;large&#8221; alignment=&#8221;center&#8221;][\/vc_column][\/vc_row]<\/p>\n","protected":false},"excerpt":{"rendered":"<p>[vc_row][vc_column][vc_column_text]Com legalitzo les actuacions en viu i en directe, amb m\u00fasica amplificada en el meu bar o restaurant de Barcelona? Les activitats de restauraci\u00f3 en l\u2019Ajuntament de Barcelona poden incorporar a la resoluci\u00f3 de la llic\u00e8ncia com activitat complementaria: actuacions en directe amb m\u00fasica amplificada i sense amplificar. Per poder comunicar les actuacions en directe&hellip;<\/p>\n","protected":false},"author":6,"featured_media":0,"parent":980,"menu_order":0,"comment_status":"closed","ping_status":"closed","template":"","meta":{"_joinchat":[],"footnotes":""},"class_list":["post-986","page","type-page","status-publish","hentry","description-off"],"yoast_head":"<!-- This site is optimized with the Yoast SEO plugin v26.2 - https:\/\/yoast.com\/wordpress\/plugins\/seo\/ -->\n<title>Legalitzaci\u00f3 actuacions en directe - Dr Enginyer Atanasi Jornet<\/title>\n<meta name=\"robots\" content=\"index, follow, max-snippet:-1, max-image-preview:large, max-video-preview:-1\" \/>\n<link rel=\"canonical\" href=\"https:\/\/atanasijornet.com\/ca\/serveis\/legalitzacio-de-llicencies-dactivitat\/legalizacion-actuaciones-en-directo\/\" \/>\n<meta property=\"og:locale\" content=\"ca_ES\" \/>\n<meta property=\"og:type\" content=\"article\" \/>\n<meta property=\"og:title\" content=\"Legalitzaci\u00f3 actuacions en directe - Dr Enginyer Atanasi Jornet\" \/>\n<meta property=\"og:description\" content=\"[vc_row][vc_column][vc_column_text]Com legalitzo les actuacions en viu i en directe, amb m\u00fasica amplificada en el meu bar o restaurant de Barcelona? Les activitats de restauraci\u00f3 en l\u2019Ajuntament de Barcelona poden incorporar a la resoluci\u00f3 de la llic\u00e8ncia com activitat complementaria: actuacions en directe amb m\u00fasica amplificada i sense amplificar. Per poder comunicar les actuacions en directe&hellip;\" \/>\n<meta property=\"og:url\" content=\"https:\/\/atanasijornet.com\/ca\/serveis\/legalitzacio-de-llicencies-dactivitat\/legalizacion-actuaciones-en-directo\/\" \/>\n<meta property=\"og:site_name\" content=\"Dr Enginyer Atanasi Jornet\" \/>\n<meta property=\"article:modified_time\" content=\"2022-05-26T07:21:23+00:00\" \/>\n<meta name=\"twitter:card\" content=\"summary_large_image\" \/>\n<meta name=\"twitter:label1\" content=\"Temps estimat de lectura\" \/>\n\t<meta name=\"twitter:data1\" content=\"1 minut\" \/>\n<script type=\"application\/ld+json\" class=\"yoast-schema-graph\">{\"@context\":\"https:\/\/schema.org\",\"@graph\":[{\"@type\":\"WebPage\",\"@id\":\"https:\/\/atanasijornet.com\/ca\/serveis\/legalitzacio-de-llicencies-dactivitat\/legalizacion-actuaciones-en-directo\/\",\"url\":\"https:\/\/atanasijornet.com\/ca\/serveis\/legalitzacio-de-llicencies-dactivitat\/legalizacion-actuaciones-en-directo\/\",\"name\":\"Legalitzaci\u00f3 actuacions en directe - Dr Enginyer Atanasi Jornet\",\"isPartOf\":{\"@id\":\"https:\/\/atanasijornet.com\/#website\"},\"datePublished\":\"2022-04-13T16:31:40+00:00\",\"dateModified\":\"2022-05-26T07:21:23+00:00\",\"breadcrumb\":{\"@id\":\"https:\/\/atanasijornet.com\/ca\/serveis\/legalitzacio-de-llicencies-dactivitat\/legalizacion-actuaciones-en-directo\/#breadcrumb\"},\"inLanguage\":\"ca\",\"potentialAction\":[{\"@type\":\"ReadAction\",\"target\":[\"https:\/\/atanasijornet.com\/ca\/serveis\/legalitzacio-de-llicencies-dactivitat\/legalizacion-actuaciones-en-directo\/\"]}]},{\"@type\":\"BreadcrumbList\",\"@id\":\"https:\/\/atanasijornet.com\/ca\/serveis\/legalitzacio-de-llicencies-dactivitat\/legalizacion-actuaciones-en-directo\/#breadcrumb\",\"itemListElement\":[{\"@type\":\"ListItem\",\"position\":1,\"name\":\"Portada\",\"item\":\"https:\/\/atanasijornet.com\/ca\/\"},{\"@type\":\"ListItem\",\"position\":2,\"name\":\"Serveis\",\"item\":\"https:\/\/atanasijornet.com\/ca\/serveis\/\"},{\"@type\":\"ListItem\",\"position\":3,\"name\":\"Legalitzaci\u00f3 de llic\u00e8ncies d\u2019activitat\",\"item\":\"https:\/\/atanasijornet.com\/ca\/serveis\/legalitzacio-de-llicencies-dactivitat\/\"},{\"@type\":\"ListItem\",\"position\":4,\"name\":\"Legalitzaci\u00f3 actuacions en directe\"}]},{\"@type\":\"WebSite\",\"@id\":\"https:\/\/atanasijornet.com\/#website\",\"url\":\"https:\/\/atanasijornet.com\/\",\"name\":\"Atanasi Jornet\",\"description\":\"\",\"potentialAction\":[{\"@type\":\"SearchAction\",\"target\":{\"@type\":\"EntryPoint\",\"urlTemplate\":\"https:\/\/atanasijornet.com\/?s={search_term_string}\"},\"query-input\":{\"@type\":\"PropertyValueSpecification\",\"valueRequired\":true,\"valueName\":\"search_term_string\"}}],\"inLanguage\":\"ca\"}]}<\/script>\n<!-- \/ Yoast SEO plugin. -->","yoast_head_json":{"title":"Legalitzaci\u00f3 actuacions en directe - Dr Enginyer Atanasi Jornet","robots":{"index":"index","follow":"follow","max-snippet":"max-snippet:-1","max-image-preview":"max-image-preview:large","max-video-preview":"max-video-preview:-1"},"canonical":"https:\/\/atanasijornet.com\/ca\/serveis\/legalitzacio-de-llicencies-dactivitat\/legalizacion-actuaciones-en-directo\/","og_locale":"ca_ES","og_type":"article","og_title":"Legalitzaci\u00f3 actuacions en directe - Dr Enginyer Atanasi Jornet","og_description":"[vc_row][vc_column][vc_column_text]Com legalitzo les actuacions en viu i en directe, amb m\u00fasica amplificada en el meu bar o restaurant de Barcelona? Les activitats de restauraci\u00f3 en l\u2019Ajuntament de Barcelona poden incorporar a la resoluci\u00f3 de la llic\u00e8ncia com activitat complementaria: actuacions en directe amb m\u00fasica amplificada i sense amplificar. Per poder comunicar les actuacions en directe&hellip;","og_url":"https:\/\/atanasijornet.com\/ca\/serveis\/legalitzacio-de-llicencies-dactivitat\/legalizacion-actuaciones-en-directo\/","og_site_name":"Dr Enginyer Atanasi Jornet","article_modified_time":"2022-05-26T07:21:23+00:00","twitter_card":"summary_large_image","twitter_misc":{"Temps estimat de lectura":"1 minut"},"schema":{"@context":"https:\/\/schema.org","@graph":[{"@type":"WebPage","@id":"https:\/\/atanasijornet.com\/ca\/serveis\/legalitzacio-de-llicencies-dactivitat\/legalizacion-actuaciones-en-directo\/","url":"https:\/\/atanasijornet.com\/ca\/serveis\/legalitzacio-de-llicencies-dactivitat\/legalizacion-actuaciones-en-directo\/","name":"Legalitzaci\u00f3 actuacions en directe - Dr Enginyer Atanasi Jornet","isPartOf":{"@id":"https:\/\/atanasijornet.com\/#website"},"datePublished":"2022-04-13T16:31:40+00:00","dateModified":"2022-05-26T07:21:23+00:00","breadcrumb":{"@id":"https:\/\/atanasijornet.com\/ca\/serveis\/legalitzacio-de-llicencies-dactivitat\/legalizacion-actuaciones-en-directo\/#breadcrumb"},"inLanguage":"ca","potentialAction":[{"@type":"ReadAction","target":["https:\/\/atanasijornet.com\/ca\/serveis\/legalitzacio-de-llicencies-dactivitat\/legalizacion-actuaciones-en-directo\/"]}]},{"@type":"BreadcrumbList","@id":"https:\/\/atanasijornet.com\/ca\/serveis\/legalitzacio-de-llicencies-dactivitat\/legalizacion-actuaciones-en-directo\/#breadcrumb","itemListElement":[{"@type":"ListItem","position":1,"name":"Portada","item":"https:\/\/atanasijornet.com\/ca\/"},{"@type":"ListItem","position":2,"name":"Serveis","item":"https:\/\/atanasijornet.com\/ca\/serveis\/"},{"@type":"ListItem","position":3,"name":"Legalitzaci\u00f3 de llic\u00e8ncies d\u2019activitat","item":"https:\/\/atanasijornet.com\/ca\/serveis\/legalitzacio-de-llicencies-dactivitat\/"},{"@type":"ListItem","position":4,"name":"Legalitzaci\u00f3 actuacions en directe"}]},{"@type":"WebSite","@id":"https:\/\/atanasijornet.com\/#website","url":"https:\/\/atanasijornet.com\/","name":"Atanasi Jornet","description":"","potentialAction":[{"@type":"SearchAction","target":{"@type":"EntryPoint","urlTemplate":"https:\/\/atanasijornet.com\/?s={search_term_string}"},"query-input":{"@type":"PropertyValueSpecification","valueRequired":true,"valueName":"search_term_string"}}],"inLanguage":"ca"}]}},"_links":{"self":[{"href":"https:\/\/atanasijornet.com\/ca\/wp-json\/wp\/v2\/pages\/986","targetHints":{"allow":["GET"]}}],"collection":[{"href":"https:\/\/atanasijornet.com\/ca\/wp-json\/wp\/v2\/pages"}],"about":[{"href":"https:\/\/atanasijornet.com\/ca\/wp-json\/wp\/v2\/types\/page"}],"author":[{"embeddable":true,"href":"https:\/\/atanasijornet.com\/ca\/wp-json\/wp\/v2\/users\/6"}],"replies":[{"embeddable":true,"href":"https:\/\/atanasijornet.com\/ca\/wp-json\/wp\/v2\/comments?post=986"}],"version-history":[{"count":0,"href":"https:\/\/atanasijornet.com\/ca\/wp-json\/wp\/v2\/pages\/986\/revisions"}],"up":[{"embeddable":true,"href":"https:\/\/atanasijornet.com\/ca\/wp-json\/wp\/v2\/pages\/980"}],"wp:attachment":[{"href":"https:\/\/atanasijornet.com\/ca\/wp-json\/wp\/v2\/media?parent=986"}],"curies":[{"name":"wp","href":"https:\/\/api.w.org\/{rel}","templated":true}]}}