{"id":993,"date":"2022-02-15T15:28:23","date_gmt":"2022-02-15T15:28:23","guid":{"rendered":"https:\/\/atanasijornet.com\/?page_id=993"},"modified":"2022-05-25T08:38:38","modified_gmt":"2022-05-25T08:38:38","slug":"vetlladors","status":"publish","type":"page","link":"https:\/\/atanasijornet.com\/ca\/serveis\/vetlladors\/","title":{"rendered":"Vetlladors"},"content":{"rendered":"<p>[vc_row][vc_column][vc_column_text]<b>Disposes d\u2019un Bar o Restaurant en Barcelona i vols tenir un vetllador en vorera o cal\u00e7ada?<\/b><\/p>\n<p><span style=\"font-weight: 400;\">Necessites presentar una sol\u00b7licitud de vetllador a l\u2019Ajuntament de Barcelona.<\/span>[\/vc_column_text][vc_empty_space][vc_single_image image=&#8221;891&#8243; img_size=&#8221;600&#215;382&#8243; alignment=&#8221;center&#8221;][vc_empty_space][vc_column_text]<b>En qu\u00e8 consisteix la sol\u00b7licitud de vetllador?<\/b><\/p>\n<p><span style=\"font-weight: 400;\">La sol\u00b7licitud est\u00e0 formada de la seg\u00fcent documentaci\u00f3:<\/span><span style=\"font-weight: 400;\"><br \/>\n<\/span><\/p>\n<ol>\n<li style=\"font-weight: 400;\" aria-level=\"1\"><span style=\"font-weight: 400;\">Sol\u00b7licitud.<\/span><\/li>\n<li style=\"font-weight: 400;\" aria-level=\"1\"><span style=\"font-weight: 400;\">Plano de la propuesta por un ingeniero de la localizaci\u00f3n de las mesas en el exterior del local sea en la acera o en la calzada. La terraza propuesta cumple las distancias al mobiliario urbano y entradas o salidas de veh\u00edculos. Los locales han de cumplir con la dotaci\u00f3n de sanitarios que fija la ordenanza.<\/span><\/li>\n<\/ol>\n<p><span style=\"font-weight: 400;\">Per un aforament interior de m\u00e9s de 50 persones, calen dues cabines i dos lavabos, per un aforament entre 51 i 250 persones es requereix: 3 cabines, una d\u2019elles adaptades, dos lavabos i un urinari independent. S\u2019haur\u00e0 de realitzar un pl\u00e0nol del local indicant la localitzaci\u00f3 dels sanitaris, cambra de residus, adequat per l\u2019aforament total i la localitzaci\u00f3 de les taules i cadires del vetllador quan es recullen, per poder verificar que l\u2019activitat principal pot continuar realitzant-se si el vetllador est\u00e0 recollit.<\/span><\/p>\n<ol>\n<li style=\"font-weight: 400;\" aria-level=\"1\"><span style=\"font-weight: 400;\">Declaraci\u00f3 responsable para la necessitat que es requereixi fixar els para-sols al paviment.<\/span><\/li>\n<li style=\"font-weight: 400;\" aria-level=\"1\"><span style=\"font-weight: 400;\">Per la sol\u00b7licitud de vetlladors en cal\u00e7ada, caldr\u00e0 proposar una de les plataformes homologades, aix\u00ed com el \u201cassumeix\u201d de l\u2019enginyer per seguir d\u2019instal\u00b7laci\u00f3.<\/span><\/li>\n<\/ol>\n<p>[\/vc_column_text][vc_empty_space][vc_single_image image=&#8221;893&#8243; img_size=&#8221;600&#215;382&#8243; alignment=&#8221;center&#8221;][vc_empty_space][vc_column_text]<b>Quin \u00e9s el termini per qu\u00e8 donin resposta a la meva sol\u00b7licitud?<\/b><\/p>\n<p><span style=\"font-weight: 400;\">No existeix termini fixe per la resoluci\u00f3 de la sol\u00b7licitud del vetllador en Barcelona.<\/span><\/p>\n<p><span style=\"font-weight: 400;\">El termini aproximat \u00e9s de 6 mesos.<\/span><\/p>\n<p><span style=\"font-weight: 400;\">En cas de no rebre resposta, el silenci \u00e9s negatiu, tot i que podem fer seguiment de la sol\u00b7licitud.<\/span>[\/vc_column_text][vc_empty_space][vc_single_image image=&#8221;892&#8243; img_size=&#8221;600&#215;382&#8243; alignment=&#8221;center&#8221;][\/vc_column][\/vc_row]<\/p>\n","protected":false},"excerpt":{"rendered":"<p>[vc_row][vc_column][vc_column_text]Disposes d\u2019un Bar o Restaurant en Barcelona i vols tenir un vetllador en vorera o cal\u00e7ada? Necessites presentar una sol\u00b7licitud de vetllador a l\u2019Ajuntament de Barcelona.[\/vc_column_text][vc_empty_space][vc_single_image image=&#8221;891&#8243; img_size=&#8221;600&#215;382&#8243; alignment=&#8221;center&#8221;][vc_empty_space][vc_column_text]En qu\u00e8 consisteix la sol\u00b7licitud de vetllador? La sol\u00b7licitud est\u00e0 formada de la seg\u00fcent documentaci\u00f3: Sol\u00b7licitud. Plano de la propuesta por un ingeniero de la localizaci\u00f3n de&hellip;<\/p>\n","protected":false},"author":6,"featured_media":0,"parent":983,"menu_order":0,"comment_status":"closed","ping_status":"closed","template":"","meta":{"_joinchat":[],"footnotes":""},"class_list":["post-993","page","type-page","status-publish","hentry","description-off"],"yoast_head":"<!-- This site is optimized with the Yoast SEO plugin v26.2 - https:\/\/yoast.com\/wordpress\/plugins\/seo\/ -->\n<title>Vetlladors - Dr Enginyer Atanasi Jornet<\/title>\n<meta name=\"robots\" content=\"index, follow, max-snippet:-1, max-image-preview:large, max-video-preview:-1\" \/>\n<link rel=\"canonical\" href=\"https:\/\/atanasijornet.com\/ca\/serveis\/vetlladors\/\" \/>\n<meta property=\"og:locale\" content=\"ca_ES\" \/>\n<meta property=\"og:type\" content=\"article\" \/>\n<meta property=\"og:title\" content=\"Vetlladors - Dr Enginyer Atanasi Jornet\" \/>\n<meta property=\"og:description\" content=\"[vc_row][vc_column][vc_column_text]Disposes d\u2019un Bar o Restaurant en Barcelona i vols tenir un vetllador en vorera o cal\u00e7ada? Necessites presentar una sol\u00b7licitud de vetllador a l\u2019Ajuntament de Barcelona.[\/vc_column_text][vc_empty_space][vc_single_image image=&#8221;891&#8243; img_size=&#8221;600&#215;382&#8243; alignment=&#8221;center&#8221;][vc_empty_space][vc_column_text]En qu\u00e8 consisteix la sol\u00b7licitud de vetllador? La sol\u00b7licitud est\u00e0 formada de la seg\u00fcent documentaci\u00f3: Sol\u00b7licitud. Plano de la propuesta por un ingeniero de la localizaci\u00f3n de&hellip;\" \/>\n<meta property=\"og:url\" content=\"https:\/\/atanasijornet.com\/ca\/serveis\/vetlladors\/\" \/>\n<meta property=\"og:site_name\" content=\"Dr Enginyer Atanasi Jornet\" \/>\n<meta property=\"article:modified_time\" content=\"2022-05-25T08:38:38+00:00\" \/>\n<meta name=\"twitter:card\" content=\"summary_large_image\" \/>\n<meta name=\"twitter:label1\" content=\"Temps estimat de lectura\" \/>\n\t<meta name=\"twitter:data1\" content=\"2 minuts\" \/>\n<script type=\"application\/ld+json\" class=\"yoast-schema-graph\">{\"@context\":\"https:\/\/schema.org\",\"@graph\":[{\"@type\":\"WebPage\",\"@id\":\"https:\/\/atanasijornet.com\/ca\/serveis\/vetlladors\/\",\"url\":\"https:\/\/atanasijornet.com\/ca\/serveis\/vetlladors\/\",\"name\":\"Vetlladors - Dr Enginyer Atanasi Jornet\",\"isPartOf\":{\"@id\":\"https:\/\/atanasijornet.com\/#website\"},\"datePublished\":\"2022-02-15T15:28:23+00:00\",\"dateModified\":\"2022-05-25T08:38:38+00:00\",\"breadcrumb\":{\"@id\":\"https:\/\/atanasijornet.com\/ca\/serveis\/vetlladors\/#breadcrumb\"},\"inLanguage\":\"ca\",\"potentialAction\":[{\"@type\":\"ReadAction\",\"target\":[\"https:\/\/atanasijornet.com\/ca\/serveis\/vetlladors\/\"]}]},{\"@type\":\"BreadcrumbList\",\"@id\":\"https:\/\/atanasijornet.com\/ca\/serveis\/vetlladors\/#breadcrumb\",\"itemListElement\":[{\"@type\":\"ListItem\",\"position\":1,\"name\":\"Portada\",\"item\":\"https:\/\/atanasijornet.com\/ca\/\"},{\"@type\":\"ListItem\",\"position\":2,\"name\":\"Serveis\",\"item\":\"https:\/\/atanasijornet.com\/ca\/serveis\/\"},{\"@type\":\"ListItem\",\"position\":3,\"name\":\"Vetlladors\"}]},{\"@type\":\"WebSite\",\"@id\":\"https:\/\/atanasijornet.com\/#website\",\"url\":\"https:\/\/atanasijornet.com\/\",\"name\":\"Atanasi Jornet\",\"description\":\"\",\"potentialAction\":[{\"@type\":\"SearchAction\",\"target\":{\"@type\":\"EntryPoint\",\"urlTemplate\":\"https:\/\/atanasijornet.com\/?s={search_term_string}\"},\"query-input\":{\"@type\":\"PropertyValueSpecification\",\"valueRequired\":true,\"valueName\":\"search_term_string\"}}],\"inLanguage\":\"ca\"}]}<\/script>\n<!-- \/ Yoast SEO plugin. -->","yoast_head_json":{"title":"Vetlladors - Dr Enginyer Atanasi Jornet","robots":{"index":"index","follow":"follow","max-snippet":"max-snippet:-1","max-image-preview":"max-image-preview:large","max-video-preview":"max-video-preview:-1"},"canonical":"https:\/\/atanasijornet.com\/ca\/serveis\/vetlladors\/","og_locale":"ca_ES","og_type":"article","og_title":"Vetlladors - Dr Enginyer Atanasi Jornet","og_description":"[vc_row][vc_column][vc_column_text]Disposes d\u2019un Bar o Restaurant en Barcelona i vols tenir un vetllador en vorera o cal\u00e7ada? Necessites presentar una sol\u00b7licitud de vetllador a l\u2019Ajuntament de Barcelona.[\/vc_column_text][vc_empty_space][vc_single_image image=&#8221;891&#8243; img_size=&#8221;600&#215;382&#8243; alignment=&#8221;center&#8221;][vc_empty_space][vc_column_text]En qu\u00e8 consisteix la sol\u00b7licitud de vetllador? La sol\u00b7licitud est\u00e0 formada de la seg\u00fcent documentaci\u00f3: Sol\u00b7licitud. Plano de la propuesta por un ingeniero de la localizaci\u00f3n de&hellip;","og_url":"https:\/\/atanasijornet.com\/ca\/serveis\/vetlladors\/","og_site_name":"Dr Enginyer Atanasi Jornet","article_modified_time":"2022-05-25T08:38:38+00:00","twitter_card":"summary_large_image","twitter_misc":{"Temps estimat de lectura":"2 minuts"},"schema":{"@context":"https:\/\/schema.org","@graph":[{"@type":"WebPage","@id":"https:\/\/atanasijornet.com\/ca\/serveis\/vetlladors\/","url":"https:\/\/atanasijornet.com\/ca\/serveis\/vetlladors\/","name":"Vetlladors - Dr Enginyer Atanasi Jornet","isPartOf":{"@id":"https:\/\/atanasijornet.com\/#website"},"datePublished":"2022-02-15T15:28:23+00:00","dateModified":"2022-05-25T08:38:38+00:00","breadcrumb":{"@id":"https:\/\/atanasijornet.com\/ca\/serveis\/vetlladors\/#breadcrumb"},"inLanguage":"ca","potentialAction":[{"@type":"ReadAction","target":["https:\/\/atanasijornet.com\/ca\/serveis\/vetlladors\/"]}]},{"@type":"BreadcrumbList","@id":"https:\/\/atanasijornet.com\/ca\/serveis\/vetlladors\/#breadcrumb","itemListElement":[{"@type":"ListItem","position":1,"name":"Portada","item":"https:\/\/atanasijornet.com\/ca\/"},{"@type":"ListItem","position":2,"name":"Serveis","item":"https:\/\/atanasijornet.com\/ca\/serveis\/"},{"@type":"ListItem","position":3,"name":"Vetlladors"}]},{"@type":"WebSite","@id":"https:\/\/atanasijornet.com\/#website","url":"https:\/\/atanasijornet.com\/","name":"Atanasi Jornet","description":"","potentialAction":[{"@type":"SearchAction","target":{"@type":"EntryPoint","urlTemplate":"https:\/\/atanasijornet.com\/?s={search_term_string}"},"query-input":{"@type":"PropertyValueSpecification","valueRequired":true,"valueName":"search_term_string"}}],"inLanguage":"ca"}]}},"_links":{"self":[{"href":"https:\/\/atanasijornet.com\/ca\/wp-json\/wp\/v2\/pages\/993","targetHints":{"allow":["GET"]}}],"collection":[{"href":"https:\/\/atanasijornet.com\/ca\/wp-json\/wp\/v2\/pages"}],"about":[{"href":"https:\/\/atanasijornet.com\/ca\/wp-json\/wp\/v2\/types\/page"}],"author":[{"embeddable":true,"href":"https:\/\/atanasijornet.com\/ca\/wp-json\/wp\/v2\/users\/6"}],"replies":[{"embeddable":true,"href":"https:\/\/atanasijornet.com\/ca\/wp-json\/wp\/v2\/comments?post=993"}],"version-history":[{"count":0,"href":"https:\/\/atanasijornet.com\/ca\/wp-json\/wp\/v2\/pages\/993\/revisions"}],"up":[{"embeddable":true,"href":"https:\/\/atanasijornet.com\/ca\/wp-json\/wp\/v2\/pages\/983"}],"wp:attachment":[{"href":"https:\/\/atanasijornet.com\/ca\/wp-json\/wp\/v2\/media?parent=993"}],"curies":[{"name":"wp","href":"https:\/\/api.w.org\/{rel}","templated":true}]}}